{"id":1005,"date":"2021-03-05T09:05:37","date_gmt":"2021-03-05T12:05:37","guid":{"rendered":"https:\/\/uplanguage.com\/toeic\/?page_id=1005"},"modified":"2022-04-18T09:11:11","modified_gmt":"2022-04-18T12:11:11","slug":"toeic-4-skills","status":"publish","type":"page","link":"https:\/\/uplanguage.com\/toeic\/toeic-4-skills\/","title":{"rendered":"TOEIC\u00ae 4 Skills"},"content":{"rendered":"\t\t<div data-elementor-type=\"wp-page\" data-elementor-id=\"1005\" class=\"elementor elementor-1005\" data-elementor-post-type=\"page\">\n\t\t\t\t\t\t<section class=\"elementor-section elementor-top-section elementor-element elementor-element-972f778 elementor-section-boxed elementor-section-height-default elementor-section-height-default\" data-id=\"972f778\" data-element_type=\"section\">\n\t\t\t\t\t\t<div class=\"elementor-container elementor-column-gap-default\">\n\t\t\t\t\t<div class=\"elementor-column elementor-col-100 elementor-top-column elementor-element elementor-element-e44c457\" data-id=\"e44c457\" data-element_type=\"column\">\n\t\t\t<div class=\"elementor-widget-wrap elementor-element-populated\">\n\t\t\t\t\t\t<div class=\"elementor-element elementor-element-aa95afb elementor-widget elementor-widget-heading\" data-id=\"aa95afb\" data-element_type=\"widget\" data-widget_type=\"heading.default\">\n\t\t\t\t\t<h2 class=\"elementor-heading-title elementor-size-default\">A excel\u00eancia comprovada atrav\u00e9s da certifica\u00e7\u00e3o internacional.<\/h2>\t\t\t\t<\/div>\n\t\t\t\t<div class=\"elementor-element elementor-element-88ec198 elementor-widget elementor-widget-heading\" data-id=\"88ec198\" data-element_type=\"widget\" data-widget_type=\"heading.default\">\n\t\t\t\t\t<h2 class=\"elementor-heading-title elementor-size-default\">S\u00e3o as suas decis\u00f5es e n\u00e3o as suas condi\u00e7\u00f5es, que determinam seu destino.<\/h2>\t\t\t\t<\/div>\n\t\t\t\t\t<\/div>\n\t\t<\/div>\n\t\t\t\t\t<\/div>\n\t\t<\/section>\n\t\t\t\t<section class=\"elementor-section elementor-top-section elementor-element elementor-element-9a3d252 elementor-section-boxed elementor-section-height-default elementor-section-height-default\" data-id=\"9a3d252\" data-element_type=\"section\">\n\t\t\t\t\t\t<div class=\"elementor-container elementor-column-gap-default\">\n\t\t\t\t\t<div class=\"elementor-column elementor-col-50 elementor-top-column elementor-element elementor-element-1e109b2\" data-id=\"1e109b2\" data-element_type=\"column\">\n\t\t\t<div class=\"elementor-widget-wrap elementor-element-populated\">\n\t\t\t\t\t\t<div class=\"elementor-element elementor-element-49a4fb9 elementor-widget elementor-widget-heading\" data-id=\"49a4fb9\" data-element_type=\"widget\" data-widget_type=\"heading.default\">\n\t\t\t\t\t<h2 class=\"elementor-heading-title elementor-size-default\">TOEIC<sup>\u00ae<\/sup> 4 Skills<\/h2>\t\t\t\t<\/div>\n\t\t\t\t<div class=\"elementor-element elementor-element-6fcf2a7 elementor-widget elementor-widget-text-editor\" data-id=\"6fcf2a7\" data-element_type=\"widget\" data-widget_type=\"text-editor.default\">\n\t\t\t\t\t\t\t\t\t<p>TOEIC 4 SKILLS (Ouvido + Leitura + L\u00edngua + Escrita) \u00e9 uma avalia\u00e7\u00e3o v\u00e1lida e confi\u00e1vel reconhecido internacionalmente \u00faltimos cerca de tr\u00eas horas e trinta minutos (3:30 minutos)<br \/><br \/>As habilidades de fala s\u00e3o importantes para apresenta\u00e7\u00f5es eficazes, comunica\u00e7\u00e3o cara a cara, reuni\u00f5es, videoconfer\u00eancia, teleconfer\u00eancia.<br \/>Habilidades de escrita s\u00e3o necess\u00e1rias para e-mails claros e persuasivos e outras formas de correspond\u00eancia comercial.<br \/>As habilidades de escuta s\u00e3o importantes para a comunica\u00e7\u00e3o face-a-face, reuni\u00f5es, videoconfer\u00eancia, podcasts e conversas telef\u00f4nicas.<\/p>\t\t\t\t\t\t\t\t<\/div>\n\t\t\t\t<div class=\"elementor-element elementor-element-1d00307 elementor-widget elementor-widget-toggle\" data-id=\"1d00307\" data-element_type=\"widget\" data-widget_type=\"toggle.default\">\n\t\t\t\t\t\t\t<div class=\"elementor-toggle\">\n\t\t\t\t\t\t\t<div class=\"elementor-toggle-item\">\n\t\t\t\t\t<div id=\"elementor-tab-title-3041\" class=\"elementor-tab-title\" data-tab=\"1\" role=\"button\" aria-controls=\"elementor-tab-content-3041\" aria-expanded=\"false\">\n\t\t\t\t\t\t\t\t\t\t\t\t<span class=\"elementor-toggle-icon elementor-toggle-icon-left\" aria-hidden=\"true\">\n\t\t\t\t\t\t\t\t\t\t\t\t\t\t\t<span class=\"elementor-toggle-icon-closed\"><svg class=\"e-font-icon-svg e-fas-caret-right\" viewBox=\"0 0 192 512\" xmlns=\"http:\/\/www.w3.org\/2000\/svg\"><path d=\"M0 384.662V127.338c0-17.818 21.543-26.741 34.142-14.142l128.662 128.662c7.81 7.81 7.81 20.474 0 28.284L34.142 398.804C21.543 411.404 0 402.48 0 384.662z\"><\/path><\/svg><\/span>\n\t\t\t\t\t\t\t\t<span class=\"elementor-toggle-icon-opened\"><svg class=\"elementor-toggle-icon-opened e-font-icon-svg e-fas-caret-up\" viewBox=\"0 0 320 512\" xmlns=\"http:\/\/www.w3.org\/2000\/svg\"><path d=\"M288.662 352H31.338c-17.818 0-26.741-21.543-14.142-34.142l128.662-128.662c7.81-7.81 20.474-7.81 28.284 0l128.662 128.662c12.6 12.599 3.676 34.142-14.142 34.142z\"><\/path><\/svg><\/span>\n\t\t\t\t\t\t\t\t\t\t\t\t\t<\/span>\n\t\t\t\t\t\t\t\t\t\t\t\t<a class=\"elementor-toggle-title\" tabindex=\"0\">Agende seu teste<\/a>\n\t\t\t\t\t<\/div>\n\n\t\t\t\t\t<div id=\"elementor-tab-content-3041\" class=\"elementor-tab-content elementor-clearfix\" data-tab=\"1\" role=\"region\" aria-labelledby=\"elementor-tab-title-3041\"><p><span style=\"font-size: 14px; color: var( --e-global-color-text );\">Voc\u00ea poder\u00e1 fazer seu agendamento com at\u00e9 duas semanas de anteced\u00eancia. O prazo de entrega do certificado \u00e9 de duas semanas, a contar da data de realiza\u00e7\u00e3o do teste.<\/span><\/p><p align=\"justify\">Para agendar seu\u00a0<em><strong>Teste TOEIC\u00ae 4 Skills, <\/strong>ligue para<\/em>\u00a0 <strong>(11) 3654-1322<\/strong><br \/>Se preferir, envie um e-mail\u00a0 para <strong>agendamento@uplanguage.com<\/strong><\/p><p align=\"justify\">O investimento para realizar seu Teste TOEIC\u00ae 4 Skills \u00e9 de R$870,00 que contempla o envio do score roster (resultado eletr\u00f4nico) e score report (resultado impresso).<\/p><\/div>\n\t\t\t\t<\/div>\n\t\t\t\t\t\t\t\t<\/div>\n\t\t\t\t\t\t<\/div>\n\t\t\t\t\t<\/div>\n\t\t<\/div>\n\t\t\t\t<div class=\"elementor-column elementor-col-50 elementor-top-column elementor-element elementor-element-c6082f6\" data-id=\"c6082f6\" data-element_type=\"column\">\n\t\t\t<div class=\"elementor-widget-wrap elementor-element-populated\">\n\t\t\t\t\t\t<div class=\"elementor-element elementor-element-7a9a234 elementor-widget elementor-widget-image\" data-id=\"7a9a234\" data-element_type=\"widget\" data-widget_type=\"image.default\">\n\t\t\t\t\t\t\t\t\t\t\t\t\t\t\t<img fetchpriority=\"high\" decoding=\"async\" width=\"530\" height=\"420\" src=\"https:\/\/uplanguage.com\/toeic\/wp-content\/uploads\/2021\/03\/blog_1.jpg\" class=\"attachment-large size-large wp-image-712\" alt=\"toeic brasil uplanguage exame toeic no brasil\" srcset=\"https:\/\/uplanguage.com\/toeic\/wp-content\/uploads\/2021\/03\/blog_1.jpg 530w, https:\/\/uplanguage.com\/toeic\/wp-content\/uploads\/2021\/03\/blog_1-300x238.jpg 300w\" sizes=\"(max-width: 530px) 100vw, 530px\" \/>\t\t\t\t\t\t\t\t\t\t\t\t\t\t\t<\/div>\n\t\t\t\t\t<\/div>\n\t\t<\/div>\n\t\t\t\t\t<\/div>\n\t\t<\/section>\n\t\t\t\t<\/div>\n\t\t","protected":false},"excerpt":{"rendered":"<p>A excel\u00eancia comprovada atrav\u00e9s da certifica\u00e7\u00e3o internacional. S\u00e3o as suas decis\u00f5es e n\u00e3o as suas condi\u00e7\u00f5es, que determinam seu destino. TOEIC\u00ae 4 Skills TOEIC 4 SKILLS (Ouvido + Leitura + L\u00edngua + Escrita) \u00e9 uma avalia\u00e7\u00e3o v\u00e1lida e confi\u00e1vel reconhecido internacionalmente \u00faltimos cerca de tr\u00eas horas e trinta minutos (3:30 minutos) As habilidades de fala [&hellip;]<\/p>\n","protected":false},"author":1,"featured_media":0,"parent":0,"menu_order":0,"comment_status":"closed","ping_status":"closed","template":"elementor_header_footer","meta":{"_monsterinsights_skip_tracking":false,"_monsterinsights_sitenote_active":false,"_monsterinsights_sitenote_note":"","_monsterinsights_sitenote_category":0,"footnotes":""},"class_list":["post-1005","page","type-page","status-publish","hentry","entry"],"aioseo_notices":[],"_links":{"self":[{"href":"https:\/\/uplanguage.com\/toeic\/wp-json\/wp\/v2\/pages\/1005","targetHints":{"allow":["GET"]}}],"collection":[{"href":"https:\/\/uplanguage.com\/toeic\/wp-json\/wp\/v2\/pages"}],"about":[{"href":"https:\/\/uplanguage.com\/toeic\/wp-json\/wp\/v2\/types\/page"}],"author":[{"embeddable":true,"href":"https:\/\/uplanguage.com\/toeic\/wp-json\/wp\/v2\/users\/1"}],"replies":[{"embeddable":true,"href":"https:\/\/uplanguage.com\/toeic\/wp-json\/wp\/v2\/comments?post=1005"}],"version-history":[{"count":11,"href":"https:\/\/uplanguage.com\/toeic\/wp-json\/wp\/v2\/pages\/1005\/revisions"}],"predecessor-version":[{"id":1574,"href":"https:\/\/uplanguage.com\/toeic\/wp-json\/wp\/v2\/pages\/1005\/revisions\/1574"}],"wp:attachment":[{"href":"https:\/\/uplanguage.com\/toeic\/wp-json\/wp\/v2\/media?parent=1005"}],"curies":[{"name":"wp","href":"https:\/\/api.w.org\/{rel}","templated":true}]}}