{"id":1014,"date":"2021-03-05T09:16:07","date_gmt":"2021-03-05T12:16:07","guid":{"rendered":"https:\/\/uplanguage.com\/toeic\/?page_id=1014"},"modified":"2022-04-18T09:12:18","modified_gmt":"2022-04-18T12:12:18","slug":"tfi","status":"publish","type":"page","link":"https:\/\/uplanguage.com\/toeic\/tfi\/","title":{"rendered":"TFI"},"content":{"rendered":"\t\t<div data-elementor-type=\"wp-page\" data-elementor-id=\"1014\" class=\"elementor elementor-1014\" data-elementor-post-type=\"page\">\n\t\t\t\t\t\t<section class=\"elementor-section elementor-top-section elementor-element elementor-element-a4e930d elementor-section-boxed elementor-section-height-default elementor-section-height-default\" data-id=\"a4e930d\" data-element_type=\"section\">\n\t\t\t\t\t\t<div class=\"elementor-container elementor-column-gap-default\">\n\t\t\t\t\t<div class=\"elementor-column elementor-col-100 elementor-top-column elementor-element elementor-element-7e05cd9\" data-id=\"7e05cd9\" data-element_type=\"column\">\n\t\t\t<div class=\"elementor-widget-wrap elementor-element-populated\">\n\t\t\t\t\t\t<div class=\"elementor-element elementor-element-34870dd elementor-widget elementor-widget-heading\" data-id=\"34870dd\" data-element_type=\"widget\" data-widget_type=\"heading.default\">\n\t\t\t\t\t<h2 class=\"elementor-heading-title elementor-size-default\">A excel\u00eancia comprovada atrav\u00e9s da certifica\u00e7\u00e3o internacional.<\/h2>\t\t\t\t<\/div>\n\t\t\t\t<div class=\"elementor-element elementor-element-d09be33 elementor-widget elementor-widget-heading\" data-id=\"d09be33\" data-element_type=\"widget\" data-widget_type=\"heading.default\">\n\t\t\t\t\t<h2 class=\"elementor-heading-title elementor-size-default\">S\u00e3o as suas decis\u00f5es e n\u00e3o as suas condi\u00e7\u00f5es, que determinam seu destino.<\/h2>\t\t\t\t<\/div>\n\t\t\t\t\t<\/div>\n\t\t<\/div>\n\t\t\t\t\t<\/div>\n\t\t<\/section>\n\t\t\t\t<section class=\"elementor-section elementor-top-section elementor-element elementor-element-f521ec7 elementor-section-boxed elementor-section-height-default elementor-section-height-default\" data-id=\"f521ec7\" data-element_type=\"section\">\n\t\t\t\t\t\t<div class=\"elementor-container elementor-column-gap-default\">\n\t\t\t\t\t<div class=\"elementor-column elementor-col-50 elementor-top-column elementor-element elementor-element-f04bf03\" data-id=\"f04bf03\" data-element_type=\"column\">\n\t\t\t<div class=\"elementor-widget-wrap elementor-element-populated\">\n\t\t\t\t\t\t<div class=\"elementor-element elementor-element-cc8cdb9 elementor-widget elementor-widget-image\" data-id=\"cc8cdb9\" data-element_type=\"widget\" data-widget_type=\"image.default\">\n\t\t\t\t\t\t\t\t\t\t\t\t\t\t\t<img fetchpriority=\"high\" decoding=\"async\" width=\"1024\" height=\"576\" src=\"https:\/\/uplanguage.com\/toeic\/wp-content\/uploads\/2019\/10\/banner2-1024x576.jpg\" class=\"attachment-large size-large wp-image-265\" alt=\"toeic brasil uplanguage exame toeic no brasil\" srcset=\"https:\/\/uplanguage.com\/toeic\/wp-content\/uploads\/2019\/10\/banner2-1024x576.jpg 1024w, https:\/\/uplanguage.com\/toeic\/wp-content\/uploads\/2019\/10\/banner2-300x169.jpg 300w, https:\/\/uplanguage.com\/toeic\/wp-content\/uploads\/2019\/10\/banner2-768x432.jpg 768w, https:\/\/uplanguage.com\/toeic\/wp-content\/uploads\/2019\/10\/banner2-1536x864.jpg 1536w, https:\/\/uplanguage.com\/toeic\/wp-content\/uploads\/2019\/10\/banner2.jpg 1600w\" sizes=\"(max-width: 1024px) 100vw, 1024px\" \/>\t\t\t\t\t\t\t\t\t\t\t\t\t\t\t<\/div>\n\t\t\t\t\t<\/div>\n\t\t<\/div>\n\t\t\t\t<div class=\"elementor-column elementor-col-50 elementor-top-column elementor-element elementor-element-8d3e816\" data-id=\"8d3e816\" data-element_type=\"column\">\n\t\t\t<div class=\"elementor-widget-wrap elementor-element-populated\">\n\t\t\t\t\t\t<div class=\"elementor-element elementor-element-fc84d97 elementor-widget elementor-widget-heading\" data-id=\"fc84d97\" data-element_type=\"widget\" data-widget_type=\"heading.default\">\n\t\t\t\t\t<h2 class=\"elementor-heading-title elementor-size-default\">TFI<sup>\u00ae<\/sup><\/h2>\t\t\t\t<\/div>\n\t\t\t\t<div class=\"elementor-element elementor-element-1f88d2d elementor-widget elementor-widget-text-editor\" data-id=\"1f88d2d\" data-element_type=\"widget\" data-widget_type=\"text-editor.default\">\n\t\t\t\t\t\t\t\t\t<p>O TFI\u00ae \u00e9 um teste de profici\u00eancia em l\u00edngua Francesa para pessoas cuja l\u00edngua materna n\u00e3o \u00e9 o franc\u00eas. Ele mede as habilidades di\u00e1rias francesas de pessoas que trabalham em um ambiente empresarial ou acad\u00eamico internacional. Um teste padronizado que mede a profici\u00eancia em Franc\u00eas em uma \u00fanica escala cont\u00ednua, o TFI \u00e9 para alunos de todos os n\u00edveis, independentemente da sua ocupa\u00e7\u00e3o ou forma\u00e7\u00e3o.<\/p>\t\t\t\t\t\t\t\t<\/div>\n\t\t\t\t<div class=\"elementor-element elementor-element-8c24b8d elementor-widget elementor-widget-heading\" data-id=\"8c24b8d\" data-element_type=\"widget\" data-widget_type=\"heading.default\">\n\t\t\t\t\t<h2 class=\"elementor-heading-title elementor-size-default\">Estrutura do Teste<\/h2>\t\t\t\t<\/div>\n\t\t\t\t<div class=\"elementor-element elementor-element-6f6ff9f elementor-widget elementor-widget-toggle\" data-id=\"6f6ff9f\" data-element_type=\"widget\" data-widget_type=\"toggle.default\">\n\t\t\t\t\t\t\t<div class=\"elementor-toggle\">\n\t\t\t\t\t\t\t<div class=\"elementor-toggle-item\">\n\t\t\t\t\t<div id=\"elementor-tab-title-1161\" class=\"elementor-tab-title\" data-tab=\"1\" role=\"button\" aria-controls=\"elementor-tab-content-1161\" aria-expanded=\"false\">\n\t\t\t\t\t\t\t\t\t\t\t\t<span class=\"elementor-toggle-icon elementor-toggle-icon-left\" aria-hidden=\"true\">\n\t\t\t\t\t\t\t\t\t\t\t\t\t\t\t<span class=\"elementor-toggle-icon-closed\"><svg class=\"e-font-icon-svg e-fas-caret-right\" viewBox=\"0 0 192 512\" xmlns=\"http:\/\/www.w3.org\/2000\/svg\"><path d=\"M0 384.662V127.338c0-17.818 21.543-26.741 34.142-14.142l128.662 128.662c7.81 7.81 7.81 20.474 0 28.284L34.142 398.804C21.543 411.404 0 402.48 0 384.662z\"><\/path><\/svg><\/span>\n\t\t\t\t\t\t\t\t<span class=\"elementor-toggle-icon-opened\"><svg class=\"elementor-toggle-icon-opened e-font-icon-svg e-fas-caret-up\" viewBox=\"0 0 320 512\" xmlns=\"http:\/\/www.w3.org\/2000\/svg\"><path d=\"M288.662 352H31.338c-17.818 0-26.741-21.543-14.142-34.142l128.662-128.662c7.81-7.81 20.474-7.81 28.284 0l128.662 128.662c12.6 12.599 3.676 34.142-14.142 34.142z\"><\/path><\/svg><\/span>\n\t\t\t\t\t\t\t\t\t\t\t\t\t<\/span>\n\t\t\t\t\t\t\t\t\t\t\t\t<a class=\"elementor-toggle-title\" tabindex=\"0\">Listening Comprehension<\/a>\n\t\t\t\t\t<\/div>\n\n\t\t\t\t\t<div id=\"elementor-tab-content-1161\" class=\"elementor-tab-content elementor-clearfix\" data-tab=\"1\" role=\"region\" aria-labelledby=\"elementor-tab-title-1161\"><p><strong>Dura\u00e7\u00e3o:<\/strong>\u00a045 Minutos<br \/><strong>Quest\u00f5es:<\/strong>\u00a0100<br \/><strong>Fotografias:<\/strong>\u00a010 quest\u00f5es<br \/><strong>Pergunta &#8211; Resposta:<\/strong>\u00a030 quest\u00f5es<br \/><strong>Di\u00e1logos R\u00e1pidos:<\/strong>\u00a030 quest\u00f5es<br \/><strong>Di\u00e1logos Curtos:<\/strong>\u00a030 quest\u00f5es \u2013 10 di\u00e1logos com 3 quest\u00f5es cada<\/p><\/div>\n\t\t\t\t<\/div>\n\t\t\t\t\t\t\t<div class=\"elementor-toggle-item\">\n\t\t\t\t\t<div id=\"elementor-tab-title-1162\" class=\"elementor-tab-title\" data-tab=\"2\" role=\"button\" aria-controls=\"elementor-tab-content-1162\" aria-expanded=\"false\">\n\t\t\t\t\t\t\t\t\t\t\t\t<span class=\"elementor-toggle-icon elementor-toggle-icon-left\" aria-hidden=\"true\">\n\t\t\t\t\t\t\t\t\t\t\t\t\t\t\t<span class=\"elementor-toggle-icon-closed\"><svg class=\"e-font-icon-svg e-fas-caret-right\" viewBox=\"0 0 192 512\" xmlns=\"http:\/\/www.w3.org\/2000\/svg\"><path d=\"M0 384.662V127.338c0-17.818 21.543-26.741 34.142-14.142l128.662 128.662c7.81 7.81 7.81 20.474 0 28.284L34.142 398.804C21.543 411.404 0 402.48 0 384.662z\"><\/path><\/svg><\/span>\n\t\t\t\t\t\t\t\t<span class=\"elementor-toggle-icon-opened\"><svg class=\"elementor-toggle-icon-opened e-font-icon-svg e-fas-caret-up\" viewBox=\"0 0 320 512\" xmlns=\"http:\/\/www.w3.org\/2000\/svg\"><path d=\"M288.662 352H31.338c-17.818 0-26.741-21.543-14.142-34.142l128.662-128.662c7.81-7.81 20.474-7.81 28.284 0l128.662 128.662c12.6 12.599 3.676 34.142-14.142 34.142z\"><\/path><\/svg><\/span>\n\t\t\t\t\t\t\t\t\t\t\t\t\t<\/span>\n\t\t\t\t\t\t\t\t\t\t\t\t<a class=\"elementor-toggle-title\" tabindex=\"0\">Reading Comprehension<\/a>\n\t\t\t\t\t<\/div>\n\n\t\t\t\t\t<div id=\"elementor-tab-content-1162\" class=\"elementor-tab-content elementor-clearfix\" data-tab=\"2\" role=\"region\" aria-labelledby=\"elementor-tab-title-1162\"><p><strong>Dura\u00e7\u00e3o:<\/strong>\u00a075 Minutos<br \/><strong>Quest\u00f5es:<\/strong>\u00a0100<br \/><strong>Frases Incompletas:<\/strong>\u00a040 quest\u00f5es<br \/><strong>Texto para completar:<\/strong>\u00a012 quest\u00f5es<br \/><strong>Interpreta\u00e7\u00f5es de textos:<\/strong>\u00a028 quest\u00f5es<br \/><strong>Interpreta\u00e7\u00f5es de texto duplos:<\/strong>\u00a020 quest\u00f5es<\/p><\/div>\n\t\t\t\t<\/div>\n\t\t\t\t\t\t\t<div class=\"elementor-toggle-item\">\n\t\t\t\t\t<div id=\"elementor-tab-title-1163\" class=\"elementor-tab-title\" data-tab=\"3\" role=\"button\" aria-controls=\"elementor-tab-content-1163\" aria-expanded=\"false\">\n\t\t\t\t\t\t\t\t\t\t\t\t<span class=\"elementor-toggle-icon elementor-toggle-icon-left\" aria-hidden=\"true\">\n\t\t\t\t\t\t\t\t\t\t\t\t\t\t\t<span class=\"elementor-toggle-icon-closed\"><svg class=\"e-font-icon-svg e-fas-caret-right\" viewBox=\"0 0 192 512\" xmlns=\"http:\/\/www.w3.org\/2000\/svg\"><path d=\"M0 384.662V127.338c0-17.818 21.543-26.741 34.142-14.142l128.662 128.662c7.81 7.81 7.81 20.474 0 28.284L34.142 398.804C21.543 411.404 0 402.48 0 384.662z\"><\/path><\/svg><\/span>\n\t\t\t\t\t\t\t\t<span class=\"elementor-toggle-icon-opened\"><svg class=\"elementor-toggle-icon-opened e-font-icon-svg e-fas-caret-up\" viewBox=\"0 0 320 512\" xmlns=\"http:\/\/www.w3.org\/2000\/svg\"><path d=\"M288.662 352H31.338c-17.818 0-26.741-21.543-14.142-34.142l128.662-128.662c7.81-7.81 20.474-7.81 28.284 0l128.662 128.662c12.6 12.599 3.676 34.142-14.142 34.142z\"><\/path><\/svg><\/span>\n\t\t\t\t\t\t\t\t\t\t\t\t\t<\/span>\n\t\t\t\t\t\t\t\t\t\t\t\t<a class=\"elementor-toggle-title\" tabindex=\"0\">Examinee Handbook<\/a>\n\t\t\t\t\t<\/div>\n\n\t\t\t\t\t<div id=\"elementor-tab-content-1163\" class=\"elementor-tab-content elementor-clearfix\" data-tab=\"3\" role=\"region\" aria-labelledby=\"elementor-tab-title-1163\"><p>Manual do avaliando <a href=\"https:\/\/www.ets.org\/Media\/Tests\/TFI\/pdf\/TFI%20Handbook_EnglishMT.pdf\" target=\"_blank\" rel=\"noopener\">Clique aqui<\/a><\/p><\/div>\n\t\t\t\t<\/div>\n\t\t\t\t\t\t\t<div class=\"elementor-toggle-item\">\n\t\t\t\t\t<div id=\"elementor-tab-title-1164\" class=\"elementor-tab-title\" data-tab=\"4\" role=\"button\" aria-controls=\"elementor-tab-content-1164\" aria-expanded=\"false\">\n\t\t\t\t\t\t\t\t\t\t\t\t<span class=\"elementor-toggle-icon elementor-toggle-icon-left\" aria-hidden=\"true\">\n\t\t\t\t\t\t\t\t\t\t\t\t\t\t\t<span class=\"elementor-toggle-icon-closed\"><svg class=\"e-font-icon-svg e-fas-caret-right\" viewBox=\"0 0 192 512\" xmlns=\"http:\/\/www.w3.org\/2000\/svg\"><path d=\"M0 384.662V127.338c0-17.818 21.543-26.741 34.142-14.142l128.662 128.662c7.81 7.81 7.81 20.474 0 28.284L34.142 398.804C21.543 411.404 0 402.48 0 384.662z\"><\/path><\/svg><\/span>\n\t\t\t\t\t\t\t\t<span class=\"elementor-toggle-icon-opened\"><svg class=\"elementor-toggle-icon-opened e-font-icon-svg e-fas-caret-up\" viewBox=\"0 0 320 512\" xmlns=\"http:\/\/www.w3.org\/2000\/svg\"><path d=\"M288.662 352H31.338c-17.818 0-26.741-21.543-14.142-34.142l128.662-128.662c7.81-7.81 20.474-7.81 28.284 0l128.662 128.662c12.6 12.599 3.676 34.142-14.142 34.142z\"><\/path><\/svg><\/span>\n\t\t\t\t\t\t\t\t\t\t\t\t\t<\/span>\n\t\t\t\t\t\t\t\t\t\t\t\t<a class=\"elementor-toggle-title\" tabindex=\"0\">Agende seu teste<\/a>\n\t\t\t\t\t<\/div>\n\n\t\t\t\t\t<div id=\"elementor-tab-content-1164\" class=\"elementor-tab-content elementor-clearfix\" data-tab=\"4\" role=\"region\" aria-labelledby=\"elementor-tab-title-1164\"><p>Voc\u00ea poder\u00e1 fazer seu agendamento com at\u00e9 duas semanas de anteced\u00eancia. O prazo de entrega do certificado \u00e9 de duas semanas, a contar da data de realiza\u00e7\u00e3o do teste.<\/p><p align=\"justify\">Para agendar seu\u00a0<em><strong>Teste TFI\u00ae, <\/strong>ligue para<\/em>\u00a0\u00a0<strong>(11) 3654-1322<\/strong><br \/>Se preferir, envie um e-mail\u00a0 para\u00a0<strong>agendamento@uplanguage.com<\/strong><\/p><p align=\"justify\">O investimento para realizar seu Teste TFI\u00ae \u00e9 de R$480,00 que contempla o envio do score roster (resultado eletr\u00f4nico) e score report (resultado impresso).<\/p><\/div>\n\t\t\t\t<\/div>\n\t\t\t\t\t\t\t\t<\/div>\n\t\t\t\t\t\t<\/div>\n\t\t\t\t\t<\/div>\n\t\t<\/div>\n\t\t\t\t\t<\/div>\n\t\t<\/section>\n\t\t\t\t<\/div>\n\t\t","protected":false},"excerpt":{"rendered":"<p>A excel\u00eancia comprovada atrav\u00e9s da certifica\u00e7\u00e3o internacional. S\u00e3o as suas decis\u00f5es e n\u00e3o as suas condi\u00e7\u00f5es, que determinam seu destino. TFI\u00ae O TFI\u00ae \u00e9 um teste de profici\u00eancia em l\u00edngua Francesa para pessoas cuja l\u00edngua materna n\u00e3o \u00e9 o franc\u00eas. Ele mede as habilidades di\u00e1rias francesas de pessoas que trabalham em um ambiente empresarial ou [&hellip;]<\/p>\n","protected":false},"author":1,"featured_media":0,"parent":0,"menu_order":0,"comment_status":"closed","ping_status":"closed","template":"elementor_header_footer","meta":{"_monsterinsights_skip_tracking":false,"_monsterinsights_sitenote_active":false,"_monsterinsights_sitenote_note":"","_monsterinsights_sitenote_category":0,"footnotes":""},"class_list":["post-1014","page","type-page","status-publish","hentry","entry"],"aioseo_notices":[],"_links":{"self":[{"href":"https:\/\/uplanguage.com\/toeic\/wp-json\/wp\/v2\/pages\/1014","targetHints":{"allow":["GET"]}}],"collection":[{"href":"https:\/\/uplanguage.com\/toeic\/wp-json\/wp\/v2\/pages"}],"about":[{"href":"https:\/\/uplanguage.com\/toeic\/wp-json\/wp\/v2\/types\/page"}],"author":[{"embeddable":true,"href":"https:\/\/uplanguage.com\/toeic\/wp-json\/wp\/v2\/users\/1"}],"replies":[{"embeddable":true,"href":"https:\/\/uplanguage.com\/toeic\/wp-json\/wp\/v2\/comments?post=1014"}],"version-history":[{"count":11,"href":"https:\/\/uplanguage.com\/toeic\/wp-json\/wp\/v2\/pages\/1014\/revisions"}],"predecessor-version":[{"id":1577,"href":"https:\/\/uplanguage.com\/toeic\/wp-json\/wp\/v2\/pages\/1014\/revisions\/1577"}],"wp:attachment":[{"href":"https:\/\/uplanguage.com\/toeic\/wp-json\/wp\/v2\/media?parent=1014"}],"curies":[{"name":"wp","href":"https:\/\/api.w.org\/{rel}","templated":true}]}}