{"id":1024,"date":"2021-03-05T09:21:22","date_gmt":"2021-03-05T12:21:22","guid":{"rendered":"https:\/\/uplanguage.com\/toeic\/?page_id=1024"},"modified":"2022-05-31T09:34:44","modified_gmt":"2022-05-31T12:34:44","slug":"toefl-junior","status":"publish","type":"page","link":"https:\/\/uplanguage.com\/toeic\/toefl-junior\/","title":{"rendered":"TOEFL Junior"},"content":{"rendered":"\t\t<div data-elementor-type=\"wp-page\" data-elementor-id=\"1024\" class=\"elementor elementor-1024\" data-elementor-post-type=\"page\">\n\t\t\t\t\t\t<section class=\"elementor-section elementor-top-section elementor-element elementor-element-cf732dc elementor-section-boxed elementor-section-height-default elementor-section-height-default\" data-id=\"cf732dc\" data-element_type=\"section\">\n\t\t\t\t\t\t<div class=\"elementor-container elementor-column-gap-default\">\n\t\t\t\t\t<div class=\"elementor-column elementor-col-100 elementor-top-column elementor-element elementor-element-a1bc2fa\" data-id=\"a1bc2fa\" data-element_type=\"column\">\n\t\t\t<div class=\"elementor-widget-wrap elementor-element-populated\">\n\t\t\t\t\t\t<div class=\"elementor-element elementor-element-a571039 elementor-widget elementor-widget-heading\" data-id=\"a571039\" data-element_type=\"widget\" data-widget_type=\"heading.default\">\n\t\t\t\t\t<h2 class=\"elementor-heading-title elementor-size-default\">A excel\u00eancia comprovada atrav\u00e9s da certifica\u00e7\u00e3o internacional.<\/h2>\t\t\t\t<\/div>\n\t\t\t\t<div class=\"elementor-element elementor-element-aa9dfd5 elementor-widget elementor-widget-heading\" data-id=\"aa9dfd5\" data-element_type=\"widget\" data-widget_type=\"heading.default\">\n\t\t\t\t\t<h2 class=\"elementor-heading-title elementor-size-default\">S\u00e3o as suas decis\u00f5es e n\u00e3o as suas condi\u00e7\u00f5es, que determinam seu destino.<\/h2>\t\t\t\t<\/div>\n\t\t\t\t\t<\/div>\n\t\t<\/div>\n\t\t\t\t\t<\/div>\n\t\t<\/section>\n\t\t\t\t<section class=\"elementor-section elementor-top-section elementor-element elementor-element-bb86ea5 elementor-section-boxed elementor-section-height-default elementor-section-height-default\" data-id=\"bb86ea5\" data-element_type=\"section\">\n\t\t\t\t\t\t<div class=\"elementor-container elementor-column-gap-default\">\n\t\t\t\t\t<div class=\"elementor-column elementor-col-50 elementor-top-column elementor-element elementor-element-be8f032\" data-id=\"be8f032\" data-element_type=\"column\">\n\t\t\t<div class=\"elementor-widget-wrap elementor-element-populated\">\n\t\t\t\t\t\t<div class=\"elementor-element elementor-element-220fa44 elementor-widget elementor-widget-image\" data-id=\"220fa44\" data-element_type=\"widget\" data-widget_type=\"image.default\">\n\t\t\t\t\t\t\t\t\t\t\t\t\t\t\t<img fetchpriority=\"high\" decoding=\"async\" width=\"530\" height=\"420\" src=\"https:\/\/uplanguage.com\/toeic\/wp-content\/uploads\/2021\/03\/blog_2.jpg\" class=\"attachment-large size-large wp-image-730\" alt=\"toeic brasil uplanguage exame toeic no brasil\" srcset=\"https:\/\/uplanguage.com\/toeic\/wp-content\/uploads\/2021\/03\/blog_2.jpg 530w, https:\/\/uplanguage.com\/toeic\/wp-content\/uploads\/2021\/03\/blog_2-300x238.jpg 300w\" sizes=\"(max-width: 530px) 100vw, 530px\" \/>\t\t\t\t\t\t\t\t\t\t\t\t\t\t\t<\/div>\n\t\t\t\t\t<\/div>\n\t\t<\/div>\n\t\t\t\t<div class=\"elementor-column elementor-col-50 elementor-top-column elementor-element elementor-element-dbc63f2\" data-id=\"dbc63f2\" data-element_type=\"column\">\n\t\t\t<div class=\"elementor-widget-wrap elementor-element-populated\">\n\t\t\t\t\t\t<div class=\"elementor-element elementor-element-871045c elementor-widget elementor-widget-heading\" data-id=\"871045c\" data-element_type=\"widget\" data-widget_type=\"heading.default\">\n\t\t\t\t\t<h2 class=\"elementor-heading-title elementor-size-default\">TOEFL Junior<sup>\u00ae<\/sup><\/h2>\t\t\t\t<\/div>\n\t\t\t\t<div class=\"elementor-element elementor-element-fe38d2f elementor-widget elementor-widget-text-editor\" data-id=\"fe38d2f\" data-element_type=\"widget\" data-widget_type=\"text-editor.default\">\n\t\t\t\t\t\t\t\t\t<p>Os testes <strong><em>TOEFL Junior<sup>\u00ae<\/sup><\/em><\/strong> medem com seguran\u00e7a e objetividade as habilidades de comunica\u00e7\u00e3o em ingl\u00eas dos alunos jovens e adolescentes. Ajudam a destacar os pontos fortes e os desafios de cada estudante ou de todo o grupo proporcionando um eficaz monitoramento de aprendizado a cada ano escolar. Um eficaz guia para o ensino de ingl\u00eas.\u00a0<span style=\"font-family: Roboto, sans-serif; font-size: 14px; font-style: normal; font-variant-ligatures: normal; font-variant-caps: normal; font-weight: 400; color: var( --e-global-color-text );\">Teste desenvolvido\u00a0para adolescentes\u00a0a partir dos 11 anos &#8211; Fundamental II at\u00e9 o fim do Ensino M\u00e9dio.<\/span><\/p>\t\t\t\t\t\t\t\t<\/div>\n\t\t\t\t<div class=\"elementor-element elementor-element-375a897 elementor-widget elementor-widget-heading\" data-id=\"375a897\" data-element_type=\"widget\" data-widget_type=\"heading.default\">\n\t\t\t\t\t<h2 class=\"elementor-heading-title elementor-size-default\">Estrutura do Teste<\/h2>\t\t\t\t<\/div>\n\t\t\t\t<div class=\"elementor-element elementor-element-06f2a87 elementor-widget elementor-widget-toggle\" data-id=\"06f2a87\" data-element_type=\"widget\" data-widget_type=\"toggle.default\">\n\t\t\t\t\t\t\t<div class=\"elementor-toggle\">\n\t\t\t\t\t\t\t<div class=\"elementor-toggle-item\">\n\t\t\t\t\t<div id=\"elementor-tab-title-7281\" class=\"elementor-tab-title\" data-tab=\"1\" role=\"button\" aria-controls=\"elementor-tab-content-7281\" aria-expanded=\"false\">\n\t\t\t\t\t\t\t\t\t\t\t\t<span class=\"elementor-toggle-icon elementor-toggle-icon-left\" aria-hidden=\"true\">\n\t\t\t\t\t\t\t\t\t\t\t\t\t\t\t<span class=\"elementor-toggle-icon-closed\"><svg class=\"e-font-icon-svg e-fas-caret-right\" viewBox=\"0 0 192 512\" xmlns=\"http:\/\/www.w3.org\/2000\/svg\"><path d=\"M0 384.662V127.338c0-17.818 21.543-26.741 34.142-14.142l128.662 128.662c7.81 7.81 7.81 20.474 0 28.284L34.142 398.804C21.543 411.404 0 402.48 0 384.662z\"><\/path><\/svg><\/span>\n\t\t\t\t\t\t\t\t<span class=\"elementor-toggle-icon-opened\"><svg class=\"elementor-toggle-icon-opened e-font-icon-svg e-fas-caret-up\" viewBox=\"0 0 320 512\" xmlns=\"http:\/\/www.w3.org\/2000\/svg\"><path d=\"M288.662 352H31.338c-17.818 0-26.741-21.543-14.142-34.142l128.662-128.662c7.81-7.81 20.474-7.81 28.284 0l128.662 128.662c12.6 12.599 3.676 34.142-14.142 34.142z\"><\/path><\/svg><\/span>\n\t\t\t\t\t\t\t\t\t\t\t\t\t<\/span>\n\t\t\t\t\t\t\t\t\t\t\t\t<a class=\"elementor-toggle-title\" tabindex=\"0\">TOEFL Junior\u00ae Standard Test<\/a>\n\t\t\t\t\t<\/div>\n\n\t\t\t\t\t<div id=\"elementor-tab-content-7281\" class=\"elementor-tab-content elementor-clearfix\" data-tab=\"1\" role=\"region\" aria-labelledby=\"elementor-tab-title-7281\"><p><strong>Compreens\u00e3o auditiva:<\/strong><br \/>42 perguntas &#8211; 40 minutos &#8211; Escala pontua\u00e7\u00e3o 200-300<br \/><strong>Forma de Linguagem e Significado:<\/strong><br \/>42 perguntas &#8211; 25 minutos &#8211; Escala pontua\u00e7\u00e3o 200-300<br \/><strong>Compreens\u00e3o de leitura:<\/strong><br \/>42 perguntas &#8211; 50 minutos &#8211; Escala pontua\u00e7\u00e3o 200-300<br \/><strong>TOTAL:<\/strong><br \/>126 perguntas &#8211; 1 hora e 25 minutos &#8211; Escala pontua\u00e7\u00e3o 600-900<\/p><\/div>\n\t\t\t\t<\/div>\n\t\t\t\t\t\t\t<div class=\"elementor-toggle-item\">\n\t\t\t\t\t<div id=\"elementor-tab-title-7282\" class=\"elementor-tab-title\" data-tab=\"2\" role=\"button\" aria-controls=\"elementor-tab-content-7282\" aria-expanded=\"false\">\n\t\t\t\t\t\t\t\t\t\t\t\t<span class=\"elementor-toggle-icon elementor-toggle-icon-left\" aria-hidden=\"true\">\n\t\t\t\t\t\t\t\t\t\t\t\t\t\t\t<span class=\"elementor-toggle-icon-closed\"><svg class=\"e-font-icon-svg e-fas-caret-right\" viewBox=\"0 0 192 512\" xmlns=\"http:\/\/www.w3.org\/2000\/svg\"><path d=\"M0 384.662V127.338c0-17.818 21.543-26.741 34.142-14.142l128.662 128.662c7.81 7.81 7.81 20.474 0 28.284L34.142 398.804C21.543 411.404 0 402.48 0 384.662z\"><\/path><\/svg><\/span>\n\t\t\t\t\t\t\t\t<span class=\"elementor-toggle-icon-opened\"><svg class=\"elementor-toggle-icon-opened e-font-icon-svg e-fas-caret-up\" viewBox=\"0 0 320 512\" xmlns=\"http:\/\/www.w3.org\/2000\/svg\"><path d=\"M288.662 352H31.338c-17.818 0-26.741-21.543-14.142-34.142l128.662-128.662c7.81-7.81 20.474-7.81 28.284 0l128.662 128.662c12.6 12.599 3.676 34.142-14.142 34.142z\"><\/path><\/svg><\/span>\n\t\t\t\t\t\t\t\t\t\t\t\t\t<\/span>\n\t\t\t\t\t\t\t\t\t\t\t\t<a class=\"elementor-toggle-title\" tabindex=\"0\">TOEFL Junior\u00ae Speaking Test<\/a>\n\t\t\t\t\t<\/div>\n\n\t\t\t\t\t<div id=\"elementor-tab-content-7282\" class=\"elementor-tab-content elementor-clearfix\" data-tab=\"2\" role=\"region\" aria-labelledby=\"elementor-tab-title-7282\"><p><strong>Dura\u00e7\u00e3o:<\/strong>\u00a018 minutos<br \/><strong>Quest\u00f5es:<\/strong>\u00a04<br \/><strong>Faixa de pontua\u00e7\u00e3o:<\/strong>\u00a00 a 16<br \/><strong>Texto para completar:<\/strong>\u00a012 quest\u00f5es<\/p><\/div>\n\t\t\t\t<\/div>\n\t\t\t\t\t\t\t<div class=\"elementor-toggle-item\">\n\t\t\t\t\t<div id=\"elementor-tab-title-7283\" class=\"elementor-tab-title\" data-tab=\"3\" role=\"button\" aria-controls=\"elementor-tab-content-7283\" aria-expanded=\"false\">\n\t\t\t\t\t\t\t\t\t\t\t\t<span class=\"elementor-toggle-icon elementor-toggle-icon-left\" aria-hidden=\"true\">\n\t\t\t\t\t\t\t\t\t\t\t\t\t\t\t<span class=\"elementor-toggle-icon-closed\"><svg class=\"e-font-icon-svg e-fas-caret-right\" viewBox=\"0 0 192 512\" xmlns=\"http:\/\/www.w3.org\/2000\/svg\"><path d=\"M0 384.662V127.338c0-17.818 21.543-26.741 34.142-14.142l128.662 128.662c7.81 7.81 7.81 20.474 0 28.284L34.142 398.804C21.543 411.404 0 402.48 0 384.662z\"><\/path><\/svg><\/span>\n\t\t\t\t\t\t\t\t<span class=\"elementor-toggle-icon-opened\"><svg class=\"elementor-toggle-icon-opened e-font-icon-svg e-fas-caret-up\" viewBox=\"0 0 320 512\" xmlns=\"http:\/\/www.w3.org\/2000\/svg\"><path d=\"M288.662 352H31.338c-17.818 0-26.741-21.543-14.142-34.142l128.662-128.662c7.81-7.81 20.474-7.81 28.284 0l128.662 128.662c12.6 12.599 3.676 34.142-14.142 34.142z\"><\/path><\/svg><\/span>\n\t\t\t\t\t\t\t\t\t\t\t\t\t<\/span>\n\t\t\t\t\t\t\t\t\t\t\t\t<a class=\"elementor-toggle-title\" tabindex=\"0\">Examinee Handbook<\/a>\n\t\t\t\t\t<\/div>\n\n\t\t\t\t\t<div id=\"elementor-tab-content-7283\" class=\"elementor-tab-content elementor-clearfix\" data-tab=\"3\" role=\"region\" aria-labelledby=\"elementor-tab-title-7283\"><p>Manual do avaliando <a href=\"https:\/\/www.ets.org\/toefl_junior\/prepare\" target=\"_blank\" rel=\"noopener\">Clique aqui<\/a><\/p><\/div>\n\t\t\t\t<\/div>\n\t\t\t\t\t\t\t<div class=\"elementor-toggle-item\">\n\t\t\t\t\t<div id=\"elementor-tab-title-7284\" class=\"elementor-tab-title\" data-tab=\"4\" role=\"button\" aria-controls=\"elementor-tab-content-7284\" aria-expanded=\"false\">\n\t\t\t\t\t\t\t\t\t\t\t\t<span class=\"elementor-toggle-icon elementor-toggle-icon-left\" aria-hidden=\"true\">\n\t\t\t\t\t\t\t\t\t\t\t\t\t\t\t<span class=\"elementor-toggle-icon-closed\"><svg class=\"e-font-icon-svg e-fas-caret-right\" viewBox=\"0 0 192 512\" xmlns=\"http:\/\/www.w3.org\/2000\/svg\"><path d=\"M0 384.662V127.338c0-17.818 21.543-26.741 34.142-14.142l128.662 128.662c7.81 7.81 7.81 20.474 0 28.284L34.142 398.804C21.543 411.404 0 402.48 0 384.662z\"><\/path><\/svg><\/span>\n\t\t\t\t\t\t\t\t<span class=\"elementor-toggle-icon-opened\"><svg class=\"elementor-toggle-icon-opened e-font-icon-svg e-fas-caret-up\" viewBox=\"0 0 320 512\" xmlns=\"http:\/\/www.w3.org\/2000\/svg\"><path d=\"M288.662 352H31.338c-17.818 0-26.741-21.543-14.142-34.142l128.662-128.662c7.81-7.81 20.474-7.81 28.284 0l128.662 128.662c12.6 12.599 3.676 34.142-14.142 34.142z\"><\/path><\/svg><\/span>\n\t\t\t\t\t\t\t\t\t\t\t\t\t<\/span>\n\t\t\t\t\t\t\t\t\t\t\t\t<a class=\"elementor-toggle-title\" tabindex=\"0\">Agende seu teste<\/a>\n\t\t\t\t\t<\/div>\n\n\t\t\t\t\t<div id=\"elementor-tab-content-7284\" class=\"elementor-tab-content elementor-clearfix\" data-tab=\"4\" role=\"region\" aria-labelledby=\"elementor-tab-title-7284\"><p>A <strong>ETS<\/strong> <em>(Educational Testing Service) <\/em>disponibiliza duas vers\u00f5es do teste <strong>TOEFL Junior Standard<\/strong>.<\/p><p><em><strong>Vers\u00e3o presencial:<\/strong><\/em><\/p><p><span style=\"font-family: Roboto, sans-serif; font-size: 14px; font-style: normal; font-variant-ligatures: normal; font-variant-caps: normal; font-weight: 400;\">A UP Language realiza sess\u00f5es semanais de aplica\u00e7\u00e3o do Teste <strong>TOEFL Junior Standard<\/strong>, em nosso centro de aplica\u00e7\u00f5es no Villa Lobos em S\u00e3o Paulo e Alphaville em Barueri. Se voc\u00ea estiver em outra cidade, a UP Language disp\u00f5e de centros aplicadores autorizados (ATTC)<\/span><\/p><p align=\"\">Para agendar seu\u00a0<strong><i>Teste TOEFL Junior Standard,<\/i> <\/strong><em>ligue para<\/em>\u00a0\u00a0<strong>(11) 3654-1322\u00a0<\/strong>ou envie um e-mail\u00a0 para\u00a0<strong>operacional@uplanguage.com.br<\/strong><\/p><p align=\"justify\"><em><strong>Vers\u00e3o remota:<\/strong><\/em><\/p><p align=\"justify\">Para realizar o teste TOEFL Junior\u00ae vers\u00e3o online, <a href=\"https:\/\/www.resultadostoefl.com.br\/yssonline\/\" target=\"_blank\" rel=\"noopener\">Clique aqui<\/a> e conhe\u00e7a os crit\u00e9rios e configura\u00e7\u00f5es.<\/p><p align=\"\">Para agendar seu\u00a0<em><strong>Teste TOEFL Junior Standard, <a href=\"https:\/\/uplanguage.com.br\/toefljr\/\" target=\"_blank\" rel=\"noopener\">clique aqui<\/a>\u00a0<\/strong><\/em><br \/>Se preferir,\u00a0<em>ligue para<\/em>\u00a0\u00a0<strong>(11) 3654-1322\u00a0<\/strong>ou envie um e-mail\u00a0 para\u00a0<strong>operacional@uplanguage.com.br<\/strong><\/p><p align=\"\">O investimento para realizar seu Teste <strong>TOEFL Junior Standard<\/strong> \u00e9 de R$470,00 que contempla o envio do score roster (resultado eletr\u00f4nico) e score report (resultado impresso).<\/p><\/div>\n\t\t\t\t<\/div>\n\t\t\t\t\t\t\t\t<\/div>\n\t\t\t\t\t\t<\/div>\n\t\t\t\t\t<\/div>\n\t\t<\/div>\n\t\t\t\t\t<\/div>\n\t\t<\/section>\n\t\t\t\t<\/div>\n\t\t","protected":false},"excerpt":{"rendered":"<p>A excel\u00eancia comprovada atrav\u00e9s da certifica\u00e7\u00e3o internacional. S\u00e3o as suas decis\u00f5es e n\u00e3o as suas condi\u00e7\u00f5es, que determinam seu destino. TOEFL Junior\u00ae Os testes TOEFL Junior\u00ae medem com seguran\u00e7a e objetividade as habilidades de comunica\u00e7\u00e3o em ingl\u00eas dos alunos jovens e adolescentes. Ajudam a destacar os pontos fortes e os desafios de cada estudante ou [&hellip;]<\/p>\n","protected":false},"author":1,"featured_media":0,"parent":0,"menu_order":0,"comment_status":"closed","ping_status":"closed","template":"elementor_header_footer","meta":{"_monsterinsights_skip_tracking":false,"_monsterinsights_sitenote_active":false,"_monsterinsights_sitenote_note":"","_monsterinsights_sitenote_category":0,"footnotes":""},"class_list":["post-1024","page","type-page","status-publish","hentry","entry"],"aioseo_notices":[],"_links":{"self":[{"href":"https:\/\/uplanguage.com\/toeic\/wp-json\/wp\/v2\/pages\/1024","targetHints":{"allow":["GET"]}}],"collection":[{"href":"https:\/\/uplanguage.com\/toeic\/wp-json\/wp\/v2\/pages"}],"about":[{"href":"https:\/\/uplanguage.com\/toeic\/wp-json\/wp\/v2\/types\/page"}],"author":[{"embeddable":true,"href":"https:\/\/uplanguage.com\/toeic\/wp-json\/wp\/v2\/users\/1"}],"replies":[{"embeddable":true,"href":"https:\/\/uplanguage.com\/toeic\/wp-json\/wp\/v2\/comments?post=1024"}],"version-history":[{"count":20,"href":"https:\/\/uplanguage.com\/toeic\/wp-json\/wp\/v2\/pages\/1024\/revisions"}],"predecessor-version":[{"id":1587,"href":"https:\/\/uplanguage.com\/toeic\/wp-json\/wp\/v2\/pages\/1024\/revisions\/1587"}],"wp:attachment":[{"href":"https:\/\/uplanguage.com\/toeic\/wp-json\/wp\/v2\/media?parent=1024"}],"curies":[{"name":"wp","href":"https:\/\/api.w.org\/{rel}","templated":true}]}}