{"id":1270,"date":"2021-03-19T14:12:35","date_gmt":"2021-03-19T17:12:35","guid":{"rendered":"https:\/\/uplanguage.com\/toeic\/?page_id=1270"},"modified":"2023-01-11T17:27:20","modified_gmt":"2023-01-11T20:27:20","slug":"empresas-consultoria-em-idiomas","status":"publish","type":"page","link":"https:\/\/uplanguage.com\/toeic\/empresas-consultoria-em-idiomas\/","title":{"rendered":"Consultoria em idiomas"},"content":{"rendered":"\t\t<div data-elementor-type=\"wp-page\" data-elementor-id=\"1270\" class=\"elementor elementor-1270\" data-elementor-post-type=\"page\">\n\t\t\t\t\t\t<section class=\"elementor-section elementor-top-section elementor-element elementor-element-05507fb elementor-section-boxed elementor-section-height-default elementor-section-height-default\" data-id=\"05507fb\" data-element_type=\"section\">\n\t\t\t\t\t\t<div class=\"elementor-container elementor-column-gap-default\">\n\t\t\t\t\t<div class=\"elementor-column elementor-col-100 elementor-top-column elementor-element elementor-element-049c5d7\" data-id=\"049c5d7\" data-element_type=\"column\">\n\t\t\t<div class=\"elementor-widget-wrap elementor-element-populated\">\n\t\t\t\t\t\t<div class=\"elementor-element elementor-element-3eabc27 elementor-widget elementor-widget-heading\" data-id=\"3eabc27\" data-element_type=\"widget\" data-widget_type=\"heading.default\">\n\t\t\t\t\t<h1 class=\"elementor-heading-title elementor-size-default\">Mentoria para a cria\u00e7\u00e3o e estabelecimento da Pol\u00edtica de Idiomas<\/h1>\t\t\t\t<\/div>\n\t\t\t\t<div class=\"elementor-element elementor-element-2826902 elementor-widget elementor-widget-heading\" data-id=\"2826902\" data-element_type=\"widget\" data-widget_type=\"heading.default\">\n\t\t\t\t\t<h2 class=\"elementor-heading-title elementor-size-default\">Foco e confiabilidade<\/h2>\t\t\t\t<\/div>\n\t\t\t\t\t<\/div>\n\t\t<\/div>\n\t\t\t\t\t<\/div>\n\t\t<\/section>\n\t\t\t\t<section class=\"elementor-section elementor-top-section elementor-element elementor-element-e4e933c elementor-section-boxed elementor-section-height-default elementor-section-height-default\" data-id=\"e4e933c\" data-element_type=\"section\" data-settings=\"{&quot;background_background&quot;:&quot;classic&quot;}\">\n\t\t\t\t\t\t<div class=\"elementor-container elementor-column-gap-default\">\n\t\t\t\t\t<div class=\"elementor-column elementor-col-50 elementor-top-column elementor-element elementor-element-a009702\" data-id=\"a009702\" data-element_type=\"column\">\n\t\t\t<div class=\"elementor-widget-wrap elementor-element-populated\">\n\t\t\t\t\t\t<div class=\"elementor-element elementor-element-bab7529 elementor-widget elementor-widget-heading\" data-id=\"bab7529\" data-element_type=\"widget\" data-widget_type=\"heading.default\">\n\t\t\t\t\t<h2 class=\"elementor-heading-title elementor-size-default\">Consultoria em idiomas<\/h2>\t\t\t\t<\/div>\n\t\t\t\t<div class=\"elementor-element elementor-element-3418493 elementor-widget elementor-widget-text-editor\" data-id=\"3418493\" data-element_type=\"widget\" data-widget_type=\"text-editor.default\">\n\t\t\t\t\t\t\t\t\t<p>Oferecemos mentoria para a cria\u00e7\u00e3o e estabelecimento da Pol\u00edtica de Idiomas com objetivos de curto, m\u00e9dio e longo prazos. A sistem\u00e1tica inclui incentivos vari\u00e1veis que a empresa poder\u00e1 conceder aos funcion\u00e1rios beneficiados de acordo com a evolu\u00e7\u00e3o do aprendizado.<\/p><p>Etapas:<\/p><ul><li style=\"margin-left: 1em; padding-top: 3px; padding-bottom: 3px; border-color: transparent; font-size: inherit;\">Mapeamento completo do n\u00edvel de profici\u00eancia da equipe e de treinamentos em idiomas j\u00e1 implantados;<\/li><li style=\"margin-left: 1em; padding-top: 3px; padding-bottom: 3px; border-color: transparent; font-size: inherit;\">An\u00e1lise e diagn\u00f3stico;<\/li><li style=\"margin-left: 1em; padding-top: 3px; padding-bottom: 3px; border-color: transparent; font-size: inherit;\">Defini\u00e7\u00e3o dos colaboradores candidatos ao Programa de Idiomas;<\/li><li style=\"margin-left: 1em; padding-top: 3px; padding-bottom: 3px; border-color: transparent; font-size: inherit;\">Planejamento de a\u00e7\u00f5es;<\/li><li style=\"margin-left: 1em; padding-top: 3px; padding-bottom: 3px; border-color: transparent; font-size: inherit;\">Estabelecimento de objetivos individuais e coletivos;<\/li><li style=\"margin-left: 1em; padding-top: 3px; padding-bottom: 3px; border-color: transparent; font-size: inherit;\">Implanta\u00e7\u00e3o;<\/li><li style=\"margin-left: 1em; padding-top: 3px; padding-bottom: 3px; border-color: transparent; font-size: inherit;\">Testes e aferimentos durante o curso; Alinhamento Pol\u00edtica de idiomas;<\/li><li style=\"margin-left: 1em; padding-top: 3px; padding-bottom: 3px; border-color: transparent; font-size: inherit;\">Gerenciamento (coordena\u00e7\u00e3o de professores, carga hor\u00e1ria, locais e outros)<\/li><\/ul><p>Contate-nos e descubra como sua organiza\u00e7\u00e3o tamb\u00e9m pode se beneficiar com os testes e por exemplo o uso do teste internacional TOEIC\u00ae para alicer\u00e7ar a sua pol\u00edtica de idiomas, e por conseguinte, o desenvolvimento de carreira de sua for\u00e7a de trabalho.<\/p>\t\t\t\t\t\t\t\t<\/div>\n\t\t\t\t\t<\/div>\n\t\t<\/div>\n\t\t\t\t<div class=\"elementor-column elementor-col-50 elementor-top-column elementor-element elementor-element-68739dc\" data-id=\"68739dc\" data-element_type=\"column\">\n\t\t\t<div class=\"elementor-widget-wrap elementor-element-populated\">\n\t\t\t\t\t\t<div class=\"elementor-element elementor-element-328f9ed elementor-widget elementor-widget-heading\" data-id=\"328f9ed\" data-element_type=\"widget\" data-widget_type=\"heading.default\">\n\t\t\t\t\t<h3 class=\"elementor-heading-title elementor-size-default\">Solicita\u00e7\u00e3o de Contato<\/h3>\t\t\t\t<\/div>\n\t\t\t\t<div class=\"elementor-element elementor-element-4272203 elementor-button-align-stretch elementor-widget elementor-widget-form\" data-id=\"4272203\" data-element_type=\"widget\" data-settings=\"{&quot;step_next_label&quot;:&quot;Pr\\u00f3ximo&quot;,&quot;step_previous_label&quot;:&quot;Anterior&quot;,&quot;button_width&quot;:&quot;100&quot;,&quot;step_type&quot;:&quot;number_text&quot;,&quot;step_icon_shape&quot;:&quot;circle&quot;}\" data-widget_type=\"form.default\">\n\t\t\t\t<div class=\"elementor-widget-container\">\n\t\t\t\t\t\t\t<form class=\"elementor-form\" method=\"post\" name=\"Novo formul\u00e1rio\">\n\t\t\t<input type=\"hidden\" name=\"post_id\" value=\"1270\"\/>\n\t\t\t<input type=\"hidden\" name=\"form_id\" value=\"4272203\"\/>\n\t\t\t<input type=\"hidden\" name=\"referer_title\" value=\"\" \/>\n\n\t\t\t\n\t\t\t<div class=\"elementor-form-fields-wrapper elementor-labels-above\">\n\t\t\t\t\t\t\t\t<div class=\"elementor-field-type-text elementor-field-group elementor-column elementor-field-group-name elementor-col-100 elementor-field-required\">\n\t\t\t\t\t\t\t\t\t\t\t\t\t<input size=\"1\" type=\"text\" name=\"form_fields[name]\" id=\"form-field-name\" class=\"elementor-field elementor-size-sm  elementor-field-textual\" placeholder=\"Nome\" required=\"required\" aria-required=\"true\">\n\t\t\t\t\t\t\t\t\t\t\t<\/div>\n\t\t\t\t\t\t\t\t<div class=\"elementor-field-type-email elementor-field-group elementor-column elementor-field-group-email elementor-col-100 elementor-field-required\">\n\t\t\t\t\t\t\t\t\t\t\t\t\t<input size=\"1\" type=\"email\" name=\"form_fields[email]\" id=\"form-field-email\" class=\"elementor-field elementor-size-sm  elementor-field-textual\" placeholder=\"E-mail\" required=\"required\" aria-required=\"true\">\n\t\t\t\t\t\t\t\t\t\t\t<\/div>\n\t\t\t\t\t\t\t\t<div class=\"elementor-field-type-text elementor-field-group elementor-column elementor-field-group-field_aa61560 elementor-col-100 elementor-field-required\">\n\t\t\t\t\t\t\t\t\t\t\t\t\t<input size=\"1\" type=\"text\" name=\"form_fields[field_aa61560]\" id=\"form-field-field_aa61560\" class=\"elementor-field elementor-size-sm  elementor-field-textual\" placeholder=\"DDD + Telefone\" required=\"required\" aria-required=\"true\">\n\t\t\t\t\t\t\t\t\t\t\t<\/div>\n\t\t\t\t\t\t\t\t<div class=\"elementor-field-type-textarea elementor-field-group elementor-column elementor-field-group-message elementor-col-100 elementor-field-required\">\n\t\t\t\t\t<textarea class=\"elementor-field-textual elementor-field  elementor-size-sm\" name=\"form_fields[message]\" id=\"form-field-message\" rows=\"4\" placeholder=\"Mensagem\" required=\"required\" aria-required=\"true\"><\/textarea>\t\t\t\t<\/div>\n\t\t\t\t\t\t\t\t<div class=\"elementor-field-type-recaptcha elementor-field-group elementor-column elementor-field-group-field_71b7846 elementor-col-100\">\n\t\t\t\t\t<div class=\"elementor-field\" id=\"form-field-field_71b7846\"><div class=\"elementor-g-recaptcha\" data-sitekey=\"6Ld63AwpAAAAAOSSDlWETl204BhdAIWl9e99vtby\" data-type=\"v2_checkbox\" data-theme=\"light\" data-size=\"normal\"><\/div><\/div>\t\t\t\t<\/div>\n\t\t\t\t\t\t\t\t<div class=\"elementor-field-group elementor-column elementor-field-type-submit elementor-col-100 e-form__buttons\">\n\t\t\t\t\t<button class=\"elementor-button elementor-size-sm\" type=\"submit\">\n\t\t\t\t\t\t<span class=\"elementor-button-content-wrapper\">\n\t\t\t\t\t\t\t\t\t\t\t\t\t\t\t\t\t\t\t\t\t\t<span class=\"elementor-button-text\">Enviar<\/span>\n\t\t\t\t\t\t\t\t\t\t\t\t\t<\/span>\n\t\t\t\t\t<\/button>\n\t\t\t\t<\/div>\n\t\t\t<\/div>\n\t\t<\/form>\n\t\t\t\t\t\t<\/div>\n\t\t\t\t<\/div>\n\t\t\t\t\t<\/div>\n\t\t<\/div>\n\t\t\t\t\t<\/div>\n\t\t<\/section>\n\t\t\t\t<\/div>\n\t\t","protected":false},"excerpt":{"rendered":"<p>Mentoria para a cria\u00e7\u00e3o e estabelecimento da Pol\u00edtica de Idiomas Foco e confiabilidade Consultoria em idiomas Oferecemos mentoria para a cria\u00e7\u00e3o e estabelecimento da Pol\u00edtica de Idiomas com objetivos de curto, m\u00e9dio e longo prazos. A sistem\u00e1tica inclui incentivos vari\u00e1veis que a empresa poder\u00e1 conceder aos funcion\u00e1rios beneficiados de acordo com a evolu\u00e7\u00e3o do aprendizado. [&hellip;]<\/p>\n","protected":false},"author":1,"featured_media":0,"parent":0,"menu_order":0,"comment_status":"closed","ping_status":"closed","template":"elementor_header_footer","meta":{"_monsterinsights_skip_tracking":false,"_monsterinsights_sitenote_active":false,"_monsterinsights_sitenote_note":"","_monsterinsights_sitenote_category":0,"footnotes":""},"class_list":["post-1270","page","type-page","status-publish","hentry","entry"],"aioseo_notices":[],"_links":{"self":[{"href":"https:\/\/uplanguage.com\/toeic\/wp-json\/wp\/v2\/pages\/1270","targetHints":{"allow":["GET"]}}],"collection":[{"href":"https:\/\/uplanguage.com\/toeic\/wp-json\/wp\/v2\/pages"}],"about":[{"href":"https:\/\/uplanguage.com\/toeic\/wp-json\/wp\/v2\/types\/page"}],"author":[{"embeddable":true,"href":"https:\/\/uplanguage.com\/toeic\/wp-json\/wp\/v2\/users\/1"}],"replies":[{"embeddable":true,"href":"https:\/\/uplanguage.com\/toeic\/wp-json\/wp\/v2\/comments?post=1270"}],"version-history":[{"count":14,"href":"https:\/\/uplanguage.com\/toeic\/wp-json\/wp\/v2\/pages\/1270\/revisions"}],"predecessor-version":[{"id":1716,"href":"https:\/\/uplanguage.com\/toeic\/wp-json\/wp\/v2\/pages\/1270\/revisions\/1716"}],"wp:attachment":[{"href":"https:\/\/uplanguage.com\/toeic\/wp-json\/wp\/v2\/media?parent=1270"}],"curies":[{"name":"wp","href":"https:\/\/api.w.org\/{rel}","templated":true}]}}