{"id":1272,"date":"2021-03-19T14:13:04","date_gmt":"2021-03-19T17:13:04","guid":{"rendered":"https:\/\/uplanguage.com\/toeic\/?page_id=1272"},"modified":"2023-01-11T17:25:52","modified_gmt":"2023-01-11T20:25:52","slug":"empresas-auditoria-de-resultados","status":"publish","type":"page","link":"https:\/\/uplanguage.com\/toeic\/empresas-auditoria-de-resultados\/","title":{"rendered":"Auditoria de resultados"},"content":{"rendered":"\t\t<div data-elementor-type=\"wp-page\" data-elementor-id=\"1272\" class=\"elementor elementor-1272\" data-elementor-post-type=\"page\">\n\t\t\t\t\t\t<section class=\"elementor-section elementor-top-section elementor-element elementor-element-6f816ca elementor-section-boxed elementor-section-height-default elementor-section-height-default\" data-id=\"6f816ca\" data-element_type=\"section\">\n\t\t\t\t\t\t<div class=\"elementor-container elementor-column-gap-default\">\n\t\t\t\t\t<div class=\"elementor-column elementor-col-100 elementor-top-column elementor-element elementor-element-cdbe17a\" data-id=\"cdbe17a\" data-element_type=\"column\">\n\t\t\t<div class=\"elementor-widget-wrap elementor-element-populated\">\n\t\t\t\t\t\t<div class=\"elementor-element elementor-element-bab2463 elementor-widget elementor-widget-heading\" data-id=\"bab2463\" data-element_type=\"widget\" data-widget_type=\"heading.default\">\n\t\t\t\t\t<h1 class=\"elementor-heading-title elementor-size-default\">Recursos que proporcionam uma avalia\u00e7\u00e3o completa<\/h1>\t\t\t\t<\/div>\n\t\t\t\t<div class=\"elementor-element elementor-element-9ffb4bd elementor-widget elementor-widget-heading\" data-id=\"9ffb4bd\" data-element_type=\"widget\" data-widget_type=\"heading.default\">\n\t\t\t\t\t<h2 class=\"elementor-heading-title elementor-size-default\">Foco e confiabilidade<\/h2>\t\t\t\t<\/div>\n\t\t\t\t\t<\/div>\n\t\t<\/div>\n\t\t\t\t\t<\/div>\n\t\t<\/section>\n\t\t\t\t<section class=\"elementor-section elementor-top-section elementor-element elementor-element-5cba8ac elementor-section-boxed elementor-section-height-default elementor-section-height-default\" data-id=\"5cba8ac\" data-element_type=\"section\" data-settings=\"{&quot;background_background&quot;:&quot;classic&quot;}\">\n\t\t\t\t\t\t<div class=\"elementor-container elementor-column-gap-default\">\n\t\t\t\t\t<div class=\"elementor-column elementor-col-50 elementor-top-column elementor-element elementor-element-55dab95\" data-id=\"55dab95\" data-element_type=\"column\">\n\t\t\t<div class=\"elementor-widget-wrap elementor-element-populated\">\n\t\t\t\t\t\t<div class=\"elementor-element elementor-element-ad8cff4 elementor-widget elementor-widget-heading\" data-id=\"ad8cff4\" data-element_type=\"widget\" data-widget_type=\"heading.default\">\n\t\t\t\t\t<h2 class=\"elementor-heading-title elementor-size-default\">Auditoria de resultados<\/h2>\t\t\t\t<\/div>\n\t\t\t\t<div class=\"elementor-element elementor-element-3ba6458 elementor-widget elementor-widget-text-editor\" data-id=\"3ba6458\" data-element_type=\"widget\" data-widget_type=\"text-editor.default\">\n\t\t\t\t\t\t\t\t\t<p><span style=\"font-size: 17px;\">Independentemente de sua empresa utilizar ou n\u00e3o de nosso servi\u00e7o de Consultoria, oferecemos a Auditoria UP no aprendizado de Idiomas. Trata-se de um recurso que proporciona uma avalia\u00e7\u00e3o completa, com foco e confiabilidade, da evolu\u00e7\u00e3o no aprendizado.<\/span><br><\/p>\n<ul>\n<li style=\"margin-left: 1em; padding-top: 3px; padding-bottom: 3px; border-color: transparent; font-size: inherit;\">Implementa\u00e7\u00e3o ou adequa\u00e7\u00e3o de Pol\u00edtica de Idiomas;<\/li>\n<li style=\"margin-left: 1em; padding-top: 3px; padding-bottom: 3px; border-color: transparent; font-size: inherit;\">Avalie o n\u00edvel de flu\u00eancia de seus colaboradores;<\/li>\n<li style=\"margin-left: 1em; padding-top: 3px; padding-bottom: 3px; border-color: transparent; font-size: inherit;\">Otimize os recursos investidos em treinamento;<\/li>\n<li style=\"margin-left: 1em; padding-top: 3px; padding-bottom: 3px; border-color: transparent; font-size: inherit;\">Alinhe o programa de estudo com padr\u00f5es internacionais (Common European Framework of Reference \u2013 CEFR);<\/li>\n<li style=\"margin-left: 1em; padding-top: 3px; padding-bottom: 3px; border-color: transparent; font-size: inherit;\">Disponibilize relat\u00f3rios gerenciais claros para conhecimento dos superiores sobre o treinamento implantado.<\/li>\n<\/ul>\n<p>Conhe\u00e7a as ferramentas de testagem que fazem da Auditoria um instrumento \u00fatil e preciso<\/p>\n<p>Contate-nos e descubra como sua organiza\u00e7\u00e3o tamb\u00e9m pode se beneficiar com a Auditoria de resultados e o uso do teste internacional TOEIC\u00ae para alicer\u00e7ar a sua pol\u00edtica de idiomas, e por conseguinte, o desenvolvimento de carreira de sua for\u00e7a de trabalho.<\/p>\t\t\t\t\t\t\t\t<\/div>\n\t\t\t\t\t<\/div>\n\t\t<\/div>\n\t\t\t\t<div class=\"elementor-column elementor-col-50 elementor-top-column elementor-element elementor-element-6147bbe\" data-id=\"6147bbe\" data-element_type=\"column\">\n\t\t\t<div class=\"elementor-widget-wrap elementor-element-populated\">\n\t\t\t\t\t\t<div class=\"elementor-element elementor-element-858a91b elementor-widget elementor-widget-heading\" data-id=\"858a91b\" data-element_type=\"widget\" data-widget_type=\"heading.default\">\n\t\t\t\t\t<h3 class=\"elementor-heading-title elementor-size-default\">Solicita\u00e7\u00e3o de Contato<\/h3>\t\t\t\t<\/div>\n\t\t\t\t<div class=\"elementor-element elementor-element-4e85875 elementor-button-align-stretch elementor-widget elementor-widget-form\" data-id=\"4e85875\" data-element_type=\"widget\" data-settings=\"{&quot;step_next_label&quot;:&quot;Pr\\u00f3ximo&quot;,&quot;step_previous_label&quot;:&quot;Anterior&quot;,&quot;button_width&quot;:&quot;100&quot;,&quot;step_type&quot;:&quot;number_text&quot;,&quot;step_icon_shape&quot;:&quot;circle&quot;}\" data-widget_type=\"form.default\">\n\t\t\t\t<div class=\"elementor-widget-container\">\n\t\t\t\t\t\t\t<form class=\"elementor-form\" method=\"post\" name=\"Novo formul\u00e1rio\">\n\t\t\t<input type=\"hidden\" name=\"post_id\" value=\"1272\"\/>\n\t\t\t<input type=\"hidden\" name=\"form_id\" value=\"4e85875\"\/>\n\t\t\t<input type=\"hidden\" name=\"referer_title\" value=\"Auditoria de resultados - TOEIC Up Language\" \/>\n\n\t\t\t\t\t\t\t<input type=\"hidden\" name=\"queried_id\" value=\"1272\"\/>\n\t\t\t\n\t\t\t<div class=\"elementor-form-fields-wrapper elementor-labels-above\">\n\t\t\t\t\t\t\t\t<div class=\"elementor-field-type-text elementor-field-group elementor-column elementor-field-group-name elementor-col-100 elementor-field-required\">\n\t\t\t\t\t\t\t\t\t\t\t\t\t<input size=\"1\" type=\"text\" name=\"form_fields[name]\" id=\"form-field-name\" class=\"elementor-field elementor-size-sm  elementor-field-textual\" placeholder=\"Nome\" required=\"required\" aria-required=\"true\">\n\t\t\t\t\t\t\t\t\t\t\t<\/div>\n\t\t\t\t\t\t\t\t<div class=\"elementor-field-type-email elementor-field-group elementor-column elementor-field-group-email elementor-col-100 elementor-field-required\">\n\t\t\t\t\t\t\t\t\t\t\t\t\t<input size=\"1\" type=\"email\" name=\"form_fields[email]\" id=\"form-field-email\" class=\"elementor-field elementor-size-sm  elementor-field-textual\" placeholder=\"E-mail\" required=\"required\" aria-required=\"true\">\n\t\t\t\t\t\t\t\t\t\t\t<\/div>\n\t\t\t\t\t\t\t\t<div class=\"elementor-field-type-text elementor-field-group elementor-column elementor-field-group-field_aa61560 elementor-col-100 elementor-field-required\">\n\t\t\t\t\t\t\t\t\t\t\t\t\t<input size=\"1\" type=\"text\" name=\"form_fields[field_aa61560]\" id=\"form-field-field_aa61560\" class=\"elementor-field elementor-size-sm  elementor-field-textual\" placeholder=\"DDD + Telefone\" required=\"required\" aria-required=\"true\">\n\t\t\t\t\t\t\t\t\t\t\t<\/div>\n\t\t\t\t\t\t\t\t<div class=\"elementor-field-type-textarea elementor-field-group elementor-column elementor-field-group-message elementor-col-100 elementor-field-required\">\n\t\t\t\t\t<textarea class=\"elementor-field-textual elementor-field  elementor-size-sm\" name=\"form_fields[message]\" id=\"form-field-message\" rows=\"4\" placeholder=\"Mensagem\" required=\"required\" aria-required=\"true\"><\/textarea>\t\t\t\t<\/div>\n\t\t\t\t\t\t\t\t<div class=\"elementor-field-type-recaptcha elementor-field-group elementor-column elementor-field-group-field_8f61ca8 elementor-col-100\">\n\t\t\t\t\t<div class=\"elementor-field\" id=\"form-field-field_8f61ca8\"><div class=\"elementor-g-recaptcha\" data-sitekey=\"6Ld63AwpAAAAAOSSDlWETl204BhdAIWl9e99vtby\" data-type=\"v2_checkbox\" data-theme=\"light\" data-size=\"normal\"><\/div><\/div>\t\t\t\t<\/div>\n\t\t\t\t\t\t\t\t<div class=\"elementor-field-group elementor-column elementor-field-type-submit elementor-col-100 e-form__buttons\">\n\t\t\t\t\t<button class=\"elementor-button elementor-size-sm\" type=\"submit\">\n\t\t\t\t\t\t<span class=\"elementor-button-content-wrapper\">\n\t\t\t\t\t\t\t\t\t\t\t\t\t\t\t\t\t\t\t\t\t\t<span class=\"elementor-button-text\">Enviar<\/span>\n\t\t\t\t\t\t\t\t\t\t\t\t\t<\/span>\n\t\t\t\t\t<\/button>\n\t\t\t\t<\/div>\n\t\t\t<\/div>\n\t\t<\/form>\n\t\t\t\t\t\t<\/div>\n\t\t\t\t<\/div>\n\t\t\t\t\t<\/div>\n\t\t<\/div>\n\t\t\t\t\t<\/div>\n\t\t<\/section>\n\t\t\t\t<\/div>\n\t\t","protected":false},"excerpt":{"rendered":"<p>Recursos que proporcionam uma avalia\u00e7\u00e3o completa Foco e confiabilidade Auditoria de resultados Independentemente de sua empresa utilizar ou n\u00e3o de nosso servi\u00e7o de Consultoria, oferecemos a Auditoria UP no aprendizado de Idiomas. Trata-se de um recurso que proporciona uma avalia\u00e7\u00e3o completa, com foco e confiabilidade, da evolu\u00e7\u00e3o no aprendizado. Implementa\u00e7\u00e3o ou adequa\u00e7\u00e3o de Pol\u00edtica de [&hellip;]<\/p>\n","protected":false},"author":1,"featured_media":0,"parent":0,"menu_order":0,"comment_status":"closed","ping_status":"closed","template":"elementor_header_footer","meta":{"_monsterinsights_skip_tracking":false,"_monsterinsights_sitenote_active":false,"_monsterinsights_sitenote_note":"","_monsterinsights_sitenote_category":0,"footnotes":""},"class_list":["post-1272","page","type-page","status-publish","hentry","entry"],"aioseo_notices":[],"_links":{"self":[{"href":"https:\/\/uplanguage.com\/toeic\/wp-json\/wp\/v2\/pages\/1272","targetHints":{"allow":["GET"]}}],"collection":[{"href":"https:\/\/uplanguage.com\/toeic\/wp-json\/wp\/v2\/pages"}],"about":[{"href":"https:\/\/uplanguage.com\/toeic\/wp-json\/wp\/v2\/types\/page"}],"author":[{"embeddable":true,"href":"https:\/\/uplanguage.com\/toeic\/wp-json\/wp\/v2\/users\/1"}],"replies":[{"embeddable":true,"href":"https:\/\/uplanguage.com\/toeic\/wp-json\/wp\/v2\/comments?post=1272"}],"version-history":[{"count":17,"href":"https:\/\/uplanguage.com\/toeic\/wp-json\/wp\/v2\/pages\/1272\/revisions"}],"predecessor-version":[{"id":1713,"href":"https:\/\/uplanguage.com\/toeic\/wp-json\/wp\/v2\/pages\/1272\/revisions\/1713"}],"wp:attachment":[{"href":"https:\/\/uplanguage.com\/toeic\/wp-json\/wp\/v2\/media?parent=1272"}],"curies":[{"name":"wp","href":"https:\/\/api.w.org\/{rel}","templated":true}]}}