{"id":1317,"date":"2021-03-22T14:40:15","date_gmt":"2021-03-22T17:40:15","guid":{"rendered":"https:\/\/uplanguage.com\/toeic\/?page_id=1317"},"modified":"2023-01-11T17:42:04","modified_gmt":"2023-01-11T20:42:04","slug":"aulas-individuais","status":"publish","type":"page","link":"https:\/\/uplanguage.com\/toeic\/aulas-individuais\/","title":{"rendered":"Aulas individuais"},"content":{"rendered":"\t\t<div data-elementor-type=\"wp-page\" data-elementor-id=\"1317\" class=\"elementor elementor-1317\" data-elementor-post-type=\"page\">\n\t\t\t\t\t\t<section class=\"elementor-section elementor-top-section elementor-element elementor-element-314df09 elementor-section-boxed elementor-section-height-default elementor-section-height-default\" data-id=\"314df09\" data-element_type=\"section\">\n\t\t\t\t\t\t<div class=\"elementor-container elementor-column-gap-default\">\n\t\t\t\t\t<div class=\"elementor-column elementor-col-100 elementor-top-column elementor-element elementor-element-aa25493\" data-id=\"aa25493\" data-element_type=\"column\">\n\t\t\t<div class=\"elementor-widget-wrap elementor-element-populated\">\n\t\t\t\t\t\t<div class=\"elementor-element elementor-element-56591d9 elementor-widget elementor-widget-heading\" data-id=\"56591d9\" data-element_type=\"widget\" data-widget_type=\"heading.default\">\n\t\t\t\t\t<h1 class=\"elementor-heading-title elementor-size-default\">Sempre \u00e9 hora de investir em voc\u00ea<\/h1>\t\t\t\t<\/div>\n\t\t\t\t<div class=\"elementor-element elementor-element-89914ae elementor-widget elementor-widget-heading\" data-id=\"89914ae\" data-element_type=\"widget\" data-widget_type=\"heading.default\">\n\t\t\t\t\t<h2 class=\"elementor-heading-title elementor-size-default\">Veja como voc\u00ea pode!<\/h2>\t\t\t\t<\/div>\n\t\t\t\t\t<\/div>\n\t\t<\/div>\n\t\t\t\t\t<\/div>\n\t\t<\/section>\n\t\t\t\t<section class=\"elementor-section elementor-top-section elementor-element elementor-element-cf0e80e elementor-section-boxed elementor-section-height-default elementor-section-height-default\" data-id=\"cf0e80e\" data-element_type=\"section\" data-settings=\"{&quot;background_background&quot;:&quot;classic&quot;}\">\n\t\t\t\t\t\t<div class=\"elementor-container elementor-column-gap-default\">\n\t\t\t\t\t<div class=\"elementor-column elementor-col-50 elementor-top-column elementor-element elementor-element-0939a1e\" data-id=\"0939a1e\" data-element_type=\"column\">\n\t\t\t<div class=\"elementor-widget-wrap elementor-element-populated\">\n\t\t\t\t\t\t<div class=\"elementor-element elementor-element-f915f87 elementor-widget elementor-widget-heading\" data-id=\"f915f87\" data-element_type=\"widget\" data-widget_type=\"heading.default\">\n\t\t\t\t\t<h2 class=\"elementor-heading-title elementor-size-default\">Aulas de Business English in Company<\/h2>\t\t\t\t<\/div>\n\t\t\t\t<div class=\"elementor-element elementor-element-6379212 elementor-widget elementor-widget-text-editor\" data-id=\"6379212\" data-element_type=\"widget\" data-widget_type=\"text-editor.default\">\n\t\t\t\t\t\t\t\t\t<p><span style=\"font-size: 17px;\">Programa de Ensino alinhado com o CEFR \u2013 Common European Framework of Reference \u2013 refer\u00eancia reconhecida internacionalmente para definir a profici\u00eancia no idioma.<\/span><br><\/p>\n<ul>\n<li style=\"margin-left: 1em; padding-top: 3px; padding-bottom: 3px; border-color: transparent; font-size: inherit;\">Aulas focadas no vocabul\u00e1rio de neg\u00f3cios.<\/li>\n<li style=\"margin-left: 1em; padding-top: 3px; padding-bottom: 3px; border-color: transparent; font-size: inherit;\">Aplicamos o m\u00e9todo Communicative Approach, em que a \u201ccompet\u00eancia comunicativa\u201d \u00e9 o objetivo principal.<\/li>\n<li style=\"margin-left: 1em; padding-top: 3px; padding-bottom: 3px; border-color: transparent; font-size: inherit;\">Professores altamente capacitados e cuidadosamente selecionados por sua flu\u00eancia.<\/li>\n<li style=\"margin-left: 1em; padding-top: 3px; padding-bottom: 3px; border-color: transparent; font-size: inherit;\">Material did\u00e1tico de renomadas editoras internacionais.<\/li>\n<li style=\"margin-left: 1em; padding-top: 3px; padding-bottom: 3px; border-color: transparent; font-size: inherit;\">Ao completar 120h de estudo, aplicamos um Teste Internacional&nbsp;<em style=\"border-color: transparent; font-size: inherit;\">TOEIC\u00ae&nbsp;<\/em>para mensurar o progresso do aluno.<\/li>\n<\/ul>\n<p>Modalidade das aulas: individuais, duplas, trios ou grupos de at\u00e9 seis participantes.<\/p>\n<p>Op\u00e7\u00f5es de programa\u00e7\u00e3o: frequ\u00eancia de aulas definida pelo aluno, com carga hor\u00e1ria mensal de 8h, 12h, 18h ou 24h.<\/p>\n<p><span style=\"border-color: transparent; font-weight: bold; font-size: inherit; color: #000000;\">Contate-nos<\/span>&nbsp;e descubra como sua organiza\u00e7\u00e3o tamb\u00e9m pode se beneficiar com as Aulas in company e o uso do teste internacional&nbsp;<em style=\"border-color: transparent; font-size: inherit;\">TOEIC\u00ae<\/em>&nbsp;para alicer\u00e7ar a sua pol\u00edtica de idiomas, e por conseguinte, o desenvolvimento de carreira de sua for\u00e7a de trabalho.<\/p>\t\t\t\t\t\t\t\t<\/div>\n\t\t\t\t\t<\/div>\n\t\t<\/div>\n\t\t\t\t<div class=\"elementor-column elementor-col-50 elementor-top-column elementor-element elementor-element-00e8973\" data-id=\"00e8973\" data-element_type=\"column\">\n\t\t\t<div class=\"elementor-widget-wrap elementor-element-populated\">\n\t\t\t\t\t\t<div class=\"elementor-element elementor-element-7862a03 elementor-widget elementor-widget-heading\" data-id=\"7862a03\" data-element_type=\"widget\" data-widget_type=\"heading.default\">\n\t\t\t\t\t<h3 class=\"elementor-heading-title elementor-size-default\">Solicita\u00e7\u00e3o de Contato<\/h3>\t\t\t\t<\/div>\n\t\t\t\t<div class=\"elementor-element elementor-element-be832d8 elementor-button-align-stretch elementor-widget elementor-widget-form\" data-id=\"be832d8\" data-element_type=\"widget\" data-settings=\"{&quot;step_next_label&quot;:&quot;Pr\\u00f3ximo&quot;,&quot;step_previous_label&quot;:&quot;Anterior&quot;,&quot;button_width&quot;:&quot;100&quot;,&quot;step_type&quot;:&quot;number_text&quot;,&quot;step_icon_shape&quot;:&quot;circle&quot;}\" data-widget_type=\"form.default\">\n\t\t\t\t<div class=\"elementor-widget-container\">\n\t\t\t\t\t\t\t<form class=\"elementor-form\" method=\"post\" name=\"Novo formul\u00e1rio\">\n\t\t\t<input type=\"hidden\" name=\"post_id\" value=\"1317\"\/>\n\t\t\t<input type=\"hidden\" name=\"form_id\" value=\"be832d8\"\/>\n\t\t\t<input type=\"hidden\" name=\"referer_title\" value=\"Aulas individuais - TOEIC Up Language\" \/>\n\n\t\t\t\t\t\t\t<input type=\"hidden\" name=\"queried_id\" value=\"1317\"\/>\n\t\t\t\n\t\t\t<div class=\"elementor-form-fields-wrapper elementor-labels-above\">\n\t\t\t\t\t\t\t\t<div class=\"elementor-field-type-text elementor-field-group elementor-column elementor-field-group-name elementor-col-100 elementor-field-required\">\n\t\t\t\t\t\t\t\t\t\t\t\t\t<input size=\"1\" type=\"text\" name=\"form_fields[name]\" id=\"form-field-name\" class=\"elementor-field elementor-size-sm  elementor-field-textual\" placeholder=\"Nome\" required=\"required\" aria-required=\"true\">\n\t\t\t\t\t\t\t\t\t\t\t<\/div>\n\t\t\t\t\t\t\t\t<div class=\"elementor-field-type-email elementor-field-group elementor-column elementor-field-group-email elementor-col-100 elementor-field-required\">\n\t\t\t\t\t\t\t\t\t\t\t\t\t<input size=\"1\" type=\"email\" name=\"form_fields[email]\" id=\"form-field-email\" class=\"elementor-field elementor-size-sm  elementor-field-textual\" placeholder=\"E-mail\" required=\"required\" aria-required=\"true\">\n\t\t\t\t\t\t\t\t\t\t\t<\/div>\n\t\t\t\t\t\t\t\t<div class=\"elementor-field-type-text elementor-field-group elementor-column elementor-field-group-field_aa61560 elementor-col-100 elementor-field-required\">\n\t\t\t\t\t\t\t\t\t\t\t\t\t<input size=\"1\" type=\"text\" name=\"form_fields[field_aa61560]\" id=\"form-field-field_aa61560\" class=\"elementor-field elementor-size-sm  elementor-field-textual\" placeholder=\"DDD + Telefone\" required=\"required\" aria-required=\"true\">\n\t\t\t\t\t\t\t\t\t\t\t<\/div>\n\t\t\t\t\t\t\t\t<div class=\"elementor-field-type-textarea elementor-field-group elementor-column elementor-field-group-message elementor-col-100 elementor-field-required\">\n\t\t\t\t\t<textarea class=\"elementor-field-textual elementor-field  elementor-size-sm\" name=\"form_fields[message]\" id=\"form-field-message\" rows=\"4\" placeholder=\"Mensagem\" required=\"required\" aria-required=\"true\"><\/textarea>\t\t\t\t<\/div>\n\t\t\t\t\t\t\t\t<div class=\"elementor-field-type-recaptcha elementor-field-group elementor-column elementor-field-group-field_65b7885 elementor-col-100\">\n\t\t\t\t\t<div class=\"elementor-field\" id=\"form-field-field_65b7885\"><div class=\"elementor-g-recaptcha\" data-sitekey=\"6Ld63AwpAAAAAOSSDlWETl204BhdAIWl9e99vtby\" data-type=\"v2_checkbox\" data-theme=\"light\" data-size=\"normal\"><\/div><\/div>\t\t\t\t<\/div>\n\t\t\t\t\t\t\t\t<div class=\"elementor-field-group elementor-column elementor-field-type-submit elementor-col-100 e-form__buttons\">\n\t\t\t\t\t<button class=\"elementor-button elementor-size-sm\" type=\"submit\">\n\t\t\t\t\t\t<span class=\"elementor-button-content-wrapper\">\n\t\t\t\t\t\t\t\t\t\t\t\t\t\t\t\t\t\t\t\t\t\t<span class=\"elementor-button-text\">Enviar<\/span>\n\t\t\t\t\t\t\t\t\t\t\t\t\t<\/span>\n\t\t\t\t\t<\/button>\n\t\t\t\t<\/div>\n\t\t\t<\/div>\n\t\t<\/form>\n\t\t\t\t\t\t<\/div>\n\t\t\t\t<\/div>\n\t\t\t\t\t<\/div>\n\t\t<\/div>\n\t\t\t\t\t<\/div>\n\t\t<\/section>\n\t\t\t\t<\/div>\n\t\t","protected":false},"excerpt":{"rendered":"<p>Sempre \u00e9 hora de investir em voc\u00ea Veja como voc\u00ea pode! Aulas de Business English in Company Programa de Ensino alinhado com o CEFR \u2013 Common European Framework of Reference \u2013 refer\u00eancia reconhecida internacionalmente para definir a profici\u00eancia no idioma. Aulas focadas no vocabul\u00e1rio de neg\u00f3cios. Aplicamos o m\u00e9todo Communicative Approach, em que a \u201ccompet\u00eancia [&hellip;]<\/p>\n","protected":false},"author":1,"featured_media":0,"parent":0,"menu_order":0,"comment_status":"closed","ping_status":"closed","template":"elementor_header_footer","meta":{"_monsterinsights_skip_tracking":false,"_monsterinsights_sitenote_active":false,"_monsterinsights_sitenote_note":"","_monsterinsights_sitenote_category":0,"footnotes":""},"class_list":["post-1317","page","type-page","status-publish","hentry","entry"],"aioseo_notices":[],"_links":{"self":[{"href":"https:\/\/uplanguage.com\/toeic\/wp-json\/wp\/v2\/pages\/1317","targetHints":{"allow":["GET"]}}],"collection":[{"href":"https:\/\/uplanguage.com\/toeic\/wp-json\/wp\/v2\/pages"}],"about":[{"href":"https:\/\/uplanguage.com\/toeic\/wp-json\/wp\/v2\/types\/page"}],"author":[{"embeddable":true,"href":"https:\/\/uplanguage.com\/toeic\/wp-json\/wp\/v2\/users\/1"}],"replies":[{"embeddable":true,"href":"https:\/\/uplanguage.com\/toeic\/wp-json\/wp\/v2\/comments?post=1317"}],"version-history":[{"count":14,"href":"https:\/\/uplanguage.com\/toeic\/wp-json\/wp\/v2\/pages\/1317\/revisions"}],"predecessor-version":[{"id":1726,"href":"https:\/\/uplanguage.com\/toeic\/wp-json\/wp\/v2\/pages\/1317\/revisions\/1726"}],"wp:attachment":[{"href":"https:\/\/uplanguage.com\/toeic\/wp-json\/wp\/v2\/media?parent=1317"}],"curies":[{"name":"wp","href":"https:\/\/api.w.org\/{rel}","templated":true}]}}