{"id":1335,"date":"2021-03-22T15:02:24","date_gmt":"2021-03-22T18:02:24","guid":{"rendered":"https:\/\/uplanguage.com\/toeic\/?page_id=1335"},"modified":"2023-01-11T17:28:37","modified_gmt":"2023-01-11T20:28:37","slug":"e-learning","status":"publish","type":"page","link":"https:\/\/uplanguage.com\/toeic\/e-learning\/","title":{"rendered":"e-learning"},"content":{"rendered":"\t\t<div data-elementor-type=\"wp-page\" data-elementor-id=\"1335\" class=\"elementor elementor-1335\" data-elementor-post-type=\"page\">\n\t\t\t\t\t\t<section class=\"elementor-section elementor-top-section elementor-element elementor-element-dcec397 elementor-section-boxed elementor-section-height-default elementor-section-height-default\" data-id=\"dcec397\" data-element_type=\"section\">\n\t\t\t\t\t\t<div class=\"elementor-container elementor-column-gap-default\">\n\t\t\t\t\t<div class=\"elementor-column elementor-col-100 elementor-top-column elementor-element elementor-element-0d3a1c1\" data-id=\"0d3a1c1\" data-element_type=\"column\">\n\t\t\t<div class=\"elementor-widget-wrap elementor-element-populated\">\n\t\t\t\t\t\t<div class=\"elementor-element elementor-element-63b49d6 elementor-widget elementor-widget-heading\" data-id=\"63b49d6\" data-element_type=\"widget\" data-widget_type=\"heading.default\">\n\t\t\t\t\t<h1 class=\"elementor-heading-title elementor-size-default\">Agilidade para desenvolver-se em idiomas<\/h1>\t\t\t\t<\/div>\n\t\t\t\t<div class=\"elementor-element elementor-element-3e102ca elementor-widget elementor-widget-heading\" data-id=\"3e102ca\" data-element_type=\"widget\" data-widget_type=\"heading.default\">\n\t\t\t\t\t<h2 class=\"elementor-heading-title elementor-size-default\">Profissionalmente e socialmente<\/h2>\t\t\t\t<\/div>\n\t\t\t\t\t<\/div>\n\t\t<\/div>\n\t\t\t\t\t<\/div>\n\t\t<\/section>\n\t\t\t\t<section class=\"elementor-section elementor-top-section elementor-element elementor-element-4eb342b elementor-section-boxed elementor-section-height-default elementor-section-height-default\" data-id=\"4eb342b\" data-element_type=\"section\" data-settings=\"{&quot;background_background&quot;:&quot;classic&quot;}\">\n\t\t\t\t\t\t<div class=\"elementor-container elementor-column-gap-default\">\n\t\t\t\t\t<div class=\"elementor-column elementor-col-50 elementor-top-column elementor-element elementor-element-f286a12\" data-id=\"f286a12\" data-element_type=\"column\">\n\t\t\t<div class=\"elementor-widget-wrap elementor-element-populated\">\n\t\t\t\t\t\t<div class=\"elementor-element elementor-element-7972338 elementor-widget elementor-widget-heading\" data-id=\"7972338\" data-element_type=\"widget\" data-widget_type=\"heading.default\">\n\t\t\t\t\t<h2 class=\"elementor-heading-title elementor-size-default\">e-learning<\/h2>\t\t\t\t<\/div>\n\t\t\t\t<div class=\"elementor-element elementor-element-cc91488 elementor-widget elementor-widget-text-editor\" data-id=\"cc91488\" data-element_type=\"widget\" data-widget_type=\"text-editor.default\">\n\t\t\t\t\t\t\t\t\t<p>O e-learning Cyberteacher permite ao aluno agilidade para desenvolver-se em idiomas nos \u00e2mbitos profissional e social.<br \/>Conte\u00fado dispon\u00edvel 24 horas por dia, 7 dias por semana. O participante pode acessar, praticar e evoluir no seu ritmo, quando e de onde quiser.<br \/>O conte\u00fado \u00e9 personaliz\u00e1vel, com foco em mais de 200 \u00e1reas de atua\u00e7\u00e3o.<br \/>Primeiros passos do programa e-learning<\/p><ul><li style=\"margin-left: 1em; padding-top: 3px; padding-bottom: 3px; border-color: transparent; font-size: inherit;\">Auditoria lingu\u00edstica para identificar o n\u00edvel de conhecimento de ingl\u00eas;<\/li><li style=\"margin-left: 1em; padding-top: 3px; padding-bottom: 3px; border-color: transparent; font-size: inherit;\">Escolha do perfil e \u00e1rea profissional de interesse;<\/li><li style=\"margin-left: 1em; padding-top: 3px; padding-bottom: 3px; border-color: transparent; font-size: inherit;\">Defini\u00e7\u00e3o pelo aluno\/escola das habilidades mais importantes para o treinamento;<\/li><li style=\"margin-left: 1em; padding-top: 3px; padding-bottom: 3px; border-color: transparent; font-size: inherit;\">Planejamento do programa de Idiomas mais adequado \u00e0s necessidades de capacita\u00e7\u00e3o de sua empresa.<\/li><\/ul><p>Contate-nos e descubra como voc\u00ea e a sua organiza\u00e7\u00e3o tamb\u00e9m pode se beneficiar com o e-learning e o uso do teste internacional TOEIC\u00ae para alicer\u00e7ar a sua pol\u00edtica de idiomas, e por conseguinte, o desenvolvimento de carreira.<\/p>\t\t\t\t\t\t\t\t<\/div>\n\t\t\t\t\t<\/div>\n\t\t<\/div>\n\t\t\t\t<div class=\"elementor-column elementor-col-50 elementor-top-column elementor-element elementor-element-fc04689\" data-id=\"fc04689\" data-element_type=\"column\">\n\t\t\t<div class=\"elementor-widget-wrap elementor-element-populated\">\n\t\t\t\t\t\t<div class=\"elementor-element elementor-element-d2e5b9c elementor-widget elementor-widget-heading\" data-id=\"d2e5b9c\" data-element_type=\"widget\" data-widget_type=\"heading.default\">\n\t\t\t\t\t<h3 class=\"elementor-heading-title elementor-size-default\">Solicita\u00e7\u00e3o de Contato<\/h3>\t\t\t\t<\/div>\n\t\t\t\t<div class=\"elementor-element elementor-element-a9083d0 elementor-button-align-stretch elementor-widget elementor-widget-form\" data-id=\"a9083d0\" data-element_type=\"widget\" data-settings=\"{&quot;step_next_label&quot;:&quot;Pr\\u00f3ximo&quot;,&quot;step_previous_label&quot;:&quot;Anterior&quot;,&quot;button_width&quot;:&quot;100&quot;,&quot;step_type&quot;:&quot;number_text&quot;,&quot;step_icon_shape&quot;:&quot;circle&quot;}\" data-widget_type=\"form.default\">\n\t\t\t\t<div class=\"elementor-widget-container\">\n\t\t\t\t\t\t\t<form class=\"elementor-form\" method=\"post\" name=\"Novo formul\u00e1rio\">\n\t\t\t<input type=\"hidden\" name=\"post_id\" value=\"1335\"\/>\n\t\t\t<input type=\"hidden\" name=\"form_id\" value=\"a9083d0\"\/>\n\t\t\t<input type=\"hidden\" name=\"referer_title\" value=\"e-learning - TOEIC Up Language\" \/>\n\n\t\t\t\t\t\t\t<input type=\"hidden\" name=\"queried_id\" value=\"1335\"\/>\n\t\t\t\n\t\t\t<div class=\"elementor-form-fields-wrapper elementor-labels-above\">\n\t\t\t\t\t\t\t\t<div class=\"elementor-field-type-text elementor-field-group elementor-column elementor-field-group-name elementor-col-100 elementor-field-required\">\n\t\t\t\t\t\t\t\t\t\t\t\t\t<input size=\"1\" type=\"text\" name=\"form_fields[name]\" id=\"form-field-name\" class=\"elementor-field elementor-size-sm  elementor-field-textual\" placeholder=\"Nome\" required=\"required\" aria-required=\"true\">\n\t\t\t\t\t\t\t\t\t\t\t<\/div>\n\t\t\t\t\t\t\t\t<div class=\"elementor-field-type-email elementor-field-group elementor-column elementor-field-group-email elementor-col-100 elementor-field-required\">\n\t\t\t\t\t\t\t\t\t\t\t\t\t<input size=\"1\" type=\"email\" name=\"form_fields[email]\" id=\"form-field-email\" class=\"elementor-field elementor-size-sm  elementor-field-textual\" placeholder=\"E-mail\" required=\"required\" aria-required=\"true\">\n\t\t\t\t\t\t\t\t\t\t\t<\/div>\n\t\t\t\t\t\t\t\t<div class=\"elementor-field-type-text elementor-field-group elementor-column elementor-field-group-field_aa61560 elementor-col-100 elementor-field-required\">\n\t\t\t\t\t\t\t\t\t\t\t\t\t<input size=\"1\" type=\"text\" name=\"form_fields[field_aa61560]\" id=\"form-field-field_aa61560\" class=\"elementor-field elementor-size-sm  elementor-field-textual\" placeholder=\"DDD + Telefone\" required=\"required\" aria-required=\"true\">\n\t\t\t\t\t\t\t\t\t\t\t<\/div>\n\t\t\t\t\t\t\t\t<div class=\"elementor-field-type-textarea elementor-field-group elementor-column elementor-field-group-message elementor-col-100 elementor-field-required\">\n\t\t\t\t\t<textarea class=\"elementor-field-textual elementor-field  elementor-size-sm\" name=\"form_fields[message]\" id=\"form-field-message\" rows=\"4\" placeholder=\"Mensagem\" required=\"required\" aria-required=\"true\"><\/textarea>\t\t\t\t<\/div>\n\t\t\t\t\t\t\t\t<div class=\"elementor-field-type-recaptcha elementor-field-group elementor-column elementor-field-group-field_c6b91dd elementor-col-100\">\n\t\t\t\t\t<div class=\"elementor-field\" id=\"form-field-field_c6b91dd\"><div class=\"elementor-g-recaptcha\" data-sitekey=\"6Ld63AwpAAAAAOSSDlWETl204BhdAIWl9e99vtby\" data-type=\"v2_checkbox\" data-theme=\"light\" data-size=\"normal\"><\/div><\/div>\t\t\t\t<\/div>\n\t\t\t\t\t\t\t\t<div class=\"elementor-field-group elementor-column elementor-field-type-submit elementor-col-100 e-form__buttons\">\n\t\t\t\t\t<button class=\"elementor-button elementor-size-sm\" type=\"submit\">\n\t\t\t\t\t\t<span class=\"elementor-button-content-wrapper\">\n\t\t\t\t\t\t\t\t\t\t\t\t\t\t\t\t\t\t\t\t\t\t<span class=\"elementor-button-text\">Enviar<\/span>\n\t\t\t\t\t\t\t\t\t\t\t\t\t<\/span>\n\t\t\t\t\t<\/button>\n\t\t\t\t<\/div>\n\t\t\t<\/div>\n\t\t<\/form>\n\t\t\t\t\t\t<\/div>\n\t\t\t\t<\/div>\n\t\t\t\t\t<\/div>\n\t\t<\/div>\n\t\t\t\t\t<\/div>\n\t\t<\/section>\n\t\t\t\t<\/div>\n\t\t","protected":false},"excerpt":{"rendered":"<p>Agilidade para desenvolver-se em idiomas Profissionalmente e socialmente e-learning O e-learning Cyberteacher permite ao aluno agilidade para desenvolver-se em idiomas nos \u00e2mbitos profissional e social.Conte\u00fado dispon\u00edvel 24 horas por dia, 7 dias por semana. O participante pode acessar, praticar e evoluir no seu ritmo, quando e de onde quiser.O conte\u00fado \u00e9 personaliz\u00e1vel, com foco em [&hellip;]<\/p>\n","protected":false},"author":1,"featured_media":0,"parent":0,"menu_order":0,"comment_status":"closed","ping_status":"closed","template":"elementor_header_footer","meta":{"_monsterinsights_skip_tracking":false,"_monsterinsights_sitenote_active":false,"_monsterinsights_sitenote_note":"","_monsterinsights_sitenote_category":0,"footnotes":""},"class_list":["post-1335","page","type-page","status-publish","hentry","entry"],"aioseo_notices":[],"_links":{"self":[{"href":"https:\/\/uplanguage.com\/toeic\/wp-json\/wp\/v2\/pages\/1335","targetHints":{"allow":["GET"]}}],"collection":[{"href":"https:\/\/uplanguage.com\/toeic\/wp-json\/wp\/v2\/pages"}],"about":[{"href":"https:\/\/uplanguage.com\/toeic\/wp-json\/wp\/v2\/types\/page"}],"author":[{"embeddable":true,"href":"https:\/\/uplanguage.com\/toeic\/wp-json\/wp\/v2\/users\/1"}],"replies":[{"embeddable":true,"href":"https:\/\/uplanguage.com\/toeic\/wp-json\/wp\/v2\/comments?post=1335"}],"version-history":[{"count":11,"href":"https:\/\/uplanguage.com\/toeic\/wp-json\/wp\/v2\/pages\/1335\/revisions"}],"predecessor-version":[{"id":1719,"href":"https:\/\/uplanguage.com\/toeic\/wp-json\/wp\/v2\/pages\/1335\/revisions\/1719"}],"wp:attachment":[{"href":"https:\/\/uplanguage.com\/toeic\/wp-json\/wp\/v2\/media?parent=1335"}],"curies":[{"name":"wp","href":"https:\/\/api.w.org\/{rel}","templated":true}]}}