{"id":196,"date":"2019-10-21T11:17:09","date_gmt":"2019-10-21T14:17:09","guid":{"rendered":"http:\/\/toeicbrasil.uplanguage.com\/?page_id=196"},"modified":"2021-03-19T14:53:21","modified_gmt":"2021-03-19T17:53:21","slug":"sobre-nos","status":"publish","type":"page","link":"https:\/\/uplanguage.com\/toeic\/sobre-nos\/","title":{"rendered":"Sobre N\u00f3s"},"content":{"rendered":"\t\t<div data-elementor-type=\"wp-page\" data-elementor-id=\"196\" class=\"elementor elementor-196\" data-elementor-post-type=\"page\">\n\t\t\t\t\t\t<section class=\"elementor-section elementor-top-section elementor-element elementor-element-9021ffd elementor-section-boxed elementor-section-height-default elementor-section-height-default\" data-id=\"9021ffd\" data-element_type=\"section\">\n\t\t\t\t\t\t<div class=\"elementor-container elementor-column-gap-default\">\n\t\t\t\t\t<div class=\"elementor-column elementor-col-100 elementor-top-column elementor-element elementor-element-f7acc4c\" data-id=\"f7acc4c\" data-element_type=\"column\">\n\t\t\t<div class=\"elementor-widget-wrap elementor-element-populated\">\n\t\t\t\t\t\t<div class=\"elementor-element elementor-element-39d47cb elementor-widget elementor-widget-heading\" data-id=\"39d47cb\" data-element_type=\"widget\" data-widget_type=\"heading.default\">\n\t\t\t\t\t<h1 class=\"elementor-heading-title elementor-size-default\">Sobre o Toeic Brasil<\/h1>\t\t\t\t<\/div>\n\t\t\t\t\t<\/div>\n\t\t<\/div>\n\t\t\t\t\t<\/div>\n\t\t<\/section>\n\t\t\t\t<section class=\"elementor-section elementor-top-section elementor-element elementor-element-348b3e8 elementor-section-boxed elementor-section-height-default elementor-section-height-default\" data-id=\"348b3e8\" data-element_type=\"section\" data-settings=\"{&quot;background_background&quot;:&quot;classic&quot;}\">\n\t\t\t\t\t\t<div class=\"elementor-container elementor-column-gap-default\">\n\t\t\t\t\t<div class=\"elementor-column elementor-col-50 elementor-top-column elementor-element elementor-element-67e7491\" data-id=\"67e7491\" data-element_type=\"column\">\n\t\t\t<div class=\"elementor-widget-wrap elementor-element-populated\">\n\t\t\t\t\t\t<div class=\"elementor-element elementor-element-79745da elementor-widget elementor-widget-image\" data-id=\"79745da\" data-element_type=\"widget\" data-widget_type=\"image.default\">\n\t\t\t\t\t\t\t\t\t\t\t\t\t\t\t<img fetchpriority=\"high\" decoding=\"async\" width=\"1024\" height=\"676\" src=\"https:\/\/uplanguage.com\/toeic\/wp-content\/uploads\/2019\/10\/LOGO-UP-30-TRANSPARENTE-1024x676.png\" class=\"attachment-large size-large wp-image-98\" alt=\"UP Language Toeic Brasil\" srcset=\"https:\/\/uplanguage.com\/toeic\/wp-content\/uploads\/2019\/10\/LOGO-UP-30-TRANSPARENTE-1024x676.png 1024w, https:\/\/uplanguage.com\/toeic\/wp-content\/uploads\/2019\/10\/LOGO-UP-30-TRANSPARENTE-300x198.png 300w, https:\/\/uplanguage.com\/toeic\/wp-content\/uploads\/2019\/10\/LOGO-UP-30-TRANSPARENTE-768x507.png 768w, https:\/\/uplanguage.com\/toeic\/wp-content\/uploads\/2019\/10\/LOGO-UP-30-TRANSPARENTE.png 1088w\" sizes=\"(max-width: 1024px) 100vw, 1024px\" \/>\t\t\t\t\t\t\t\t\t\t\t\t\t\t\t<\/div>\n\t\t\t\t\t<\/div>\n\t\t<\/div>\n\t\t\t\t<div class=\"elementor-column elementor-col-50 elementor-top-column elementor-element elementor-element-162d40d\" data-id=\"162d40d\" data-element_type=\"column\" data-settings=\"{&quot;background_background&quot;:&quot;classic&quot;}\">\n\t\t\t<div class=\"elementor-widget-wrap elementor-element-populated\">\n\t\t\t\t\t\t<div class=\"elementor-element elementor-element-0107244 elementor-widget elementor-widget-text-editor\" data-id=\"0107244\" data-element_type=\"widget\" data-widget_type=\"text-editor.default\">\n\t\t\t\t\t\t\t\t\t<p>Com mais de 30 anos de experi\u00eancia no ensino de idiomas no ambiente corporativo, a UP Language Consultants evoluiu para se tornar um completo provedor de solu\u00e7\u00f5es na \u00e1rea de l\u00ednguas.<\/p><p>Al\u00e9m dos Cursos Corporativos de Idiomas em diversos formatos \u2013 aulas nas pr\u00f3prias instala\u00e7\u00f5es ou in-company, cursos de imers\u00e3o, aulas online, entre outros \u2013 a UP Language Consultants presta Servi\u00e7os de Tradu\u00e7\u00e3o e Interpreta\u00e7\u00e3o, Consultoria na implanta\u00e7\u00e3o e acompanhamento de pol\u00edticas de educa\u00e7\u00e3o de l\u00ednguas, e Certifica\u00e7\u00e3o Internacional tanto para o ambiente profissional como para o acad\u00eamico, sendo representante da ETS\u00ae para o TOEIC\u00ae e o TOEFL\u00ae Junior\u2122. A UP Language tamb\u00e9m \u00e9 credenciada pela Universidade de Cambridge para preparar professores de ingl\u00eas com os cursos CELTA (Certificate in English Language Teaching to Adults), e DELTA (Diploma in English Language Teaching to Adults). Seu modelo de ensino corporativo compreende o Business English e Espa\u00f1ol para Neg\u00f3cios baseados em padr\u00f5es de carga hor\u00e1ria internacionalmente aceitos como o European Framework. Outros idiomas mais frequentemente ensinados s\u00e3o Portugu\u00eas para Estrangeiros, Franc\u00eas, Italiano e Alem\u00e3o.<\/p>\t\t\t\t\t\t\t\t<\/div>\n\t\t\t\t\t<\/div>\n\t\t<\/div>\n\t\t\t\t\t<\/div>\n\t\t<\/section>\n\t\t\t\t<\/div>\n\t\t","protected":false},"excerpt":{"rendered":"<p>Sobre o Toeic Brasil Com mais de 30 anos de experi\u00eancia no ensino de idiomas no ambiente corporativo, a UP Language Consultants evoluiu para se tornar um completo provedor de solu\u00e7\u00f5es na \u00e1rea de l\u00ednguas. Al\u00e9m dos Cursos Corporativos de Idiomas em diversos formatos \u2013 aulas nas pr\u00f3prias instala\u00e7\u00f5es ou in-company, cursos de imers\u00e3o, aulas [&hellip;]<\/p>\n","protected":false},"author":1,"featured_media":0,"parent":0,"menu_order":0,"comment_status":"closed","ping_status":"closed","template":"elementor_header_footer","meta":{"_monsterinsights_skip_tracking":false,"_monsterinsights_sitenote_active":false,"_monsterinsights_sitenote_note":"","_monsterinsights_sitenote_category":0,"footnotes":""},"class_list":["post-196","page","type-page","status-publish","hentry","entry"],"aioseo_notices":[],"_links":{"self":[{"href":"https:\/\/uplanguage.com\/toeic\/wp-json\/wp\/v2\/pages\/196","targetHints":{"allow":["GET"]}}],"collection":[{"href":"https:\/\/uplanguage.com\/toeic\/wp-json\/wp\/v2\/pages"}],"about":[{"href":"https:\/\/uplanguage.com\/toeic\/wp-json\/wp\/v2\/types\/page"}],"author":[{"embeddable":true,"href":"https:\/\/uplanguage.com\/toeic\/wp-json\/wp\/v2\/users\/1"}],"replies":[{"embeddable":true,"href":"https:\/\/uplanguage.com\/toeic\/wp-json\/wp\/v2\/comments?post=196"}],"version-history":[{"count":14,"href":"https:\/\/uplanguage.com\/toeic\/wp-json\/wp\/v2\/pages\/196\/revisions"}],"predecessor-version":[{"id":1308,"href":"https:\/\/uplanguage.com\/toeic\/wp-json\/wp\/v2\/pages\/196\/revisions\/1308"}],"wp:attachment":[{"href":"https:\/\/uplanguage.com\/toeic\/wp-json\/wp\/v2\/media?parent=196"}],"curies":[{"name":"wp","href":"https:\/\/api.w.org\/{rel}","templated":true}]}}