{"id":203,"date":"2019-10-21T11:24:47","date_gmt":"2019-10-21T14:24:47","guid":{"rendered":"http:\/\/toeicbrasil.uplanguage.com\/?page_id=203"},"modified":"2023-06-08T03:32:30","modified_gmt":"2023-06-08T06:32:30","slug":"torne-se-um-centro-aplicador","status":"publish","type":"page","link":"https:\/\/uplanguage.com\/toeic\/torne-se-um-centro-aplicador\/","title":{"rendered":"Torne-se um Centro Aplicador"},"content":{"rendered":"\t\t<div data-elementor-type=\"wp-page\" data-elementor-id=\"203\" class=\"elementor elementor-203\" data-elementor-post-type=\"page\">\n\t\t\t\t\t\t<section class=\"elementor-section elementor-top-section elementor-element elementor-element-4999187 elementor-section-boxed elementor-section-height-default elementor-section-height-default\" data-id=\"4999187\" data-element_type=\"section\">\n\t\t\t\t\t\t<div class=\"elementor-container elementor-column-gap-default\">\n\t\t\t\t\t<div class=\"elementor-column elementor-col-100 elementor-top-column elementor-element elementor-element-64286cc\" data-id=\"64286cc\" data-element_type=\"column\">\n\t\t\t<div class=\"elementor-widget-wrap elementor-element-populated\">\n\t\t\t\t\t\t<div class=\"elementor-element elementor-element-c5960e7 elementor-widget elementor-widget-heading\" data-id=\"c5960e7\" data-element_type=\"widget\" data-widget_type=\"heading.default\">\n\t\t\t\t\t<h1 class=\"elementor-heading-title elementor-size-default\">Fa\u00e7a de sua escola um ATTC<\/h1>\t\t\t\t<\/div>\n\t\t\t\t<div class=\"elementor-element elementor-element-7bf76ee elementor-widget elementor-widget-heading\" data-id=\"7bf76ee\" data-element_type=\"widget\" data-widget_type=\"heading.default\">\n\t\t\t\t\t<h2 class=\"elementor-heading-title elementor-size-default\">Authorized TOEIC\u00ae Test Center<\/h2>\t\t\t\t<\/div>\n\t\t\t\t\t<\/div>\n\t\t<\/div>\n\t\t\t\t\t<\/div>\n\t\t<\/section>\n\t\t\t\t<section class=\"elementor-section elementor-top-section elementor-element elementor-element-22ae855 elementor-section-boxed elementor-section-height-default elementor-section-height-default\" data-id=\"22ae855\" data-element_type=\"section\" data-settings=\"{&quot;background_background&quot;:&quot;classic&quot;}\">\n\t\t\t\t\t\t<div class=\"elementor-container elementor-column-gap-default\">\n\t\t\t\t\t<div class=\"elementor-column elementor-col-50 elementor-top-column elementor-element elementor-element-efdba9a\" data-id=\"efdba9a\" data-element_type=\"column\" data-settings=\"{&quot;background_background&quot;:&quot;classic&quot;}\">\n\t\t\t<div class=\"elementor-widget-wrap elementor-element-populated\">\n\t\t\t\t\t\t<section class=\"elementor-section elementor-inner-section elementor-element elementor-element-4c03ee1 elementor-section-boxed elementor-section-height-default elementor-section-height-default\" data-id=\"4c03ee1\" data-element_type=\"section\">\n\t\t\t\t\t\t<div class=\"elementor-container elementor-column-gap-default\">\n\t\t\t\t\t<div class=\"elementor-column elementor-col-100 elementor-inner-column elementor-element elementor-element-082f3a0\" data-id=\"082f3a0\" data-element_type=\"column\">\n\t\t\t<div class=\"elementor-widget-wrap elementor-element-populated\">\n\t\t\t\t\t\t\t<\/div>\n\t\t<\/div>\n\t\t\t\t\t<\/div>\n\t\t<\/section>\n\t\t\t\t<div class=\"elementor-element elementor-element-61d1168 elementor-widget elementor-widget-text-editor\" data-id=\"61d1168\" data-element_type=\"widget\" data-widget_type=\"text-editor.default\">\n\t\t\t\t\t\t\t\t\t<p>Ao tornar sua escola um ATTC, voc\u00ea estar\u00e1 preparado para atender clientes corporativos em busca de solu\u00e7\u00f5es confi\u00e1veis para avalia\u00e7\u00e3o de profici\u00eancia em idiomas.<\/p><p>Al\u00e9m disso, poder\u00e1 satisfazer alunos preocupados em avaliar o pr\u00f3prio progresso de aprendizagem com base em uma m\u00e9trica independente, sem v\u00ednculos com a metodologia da escola.<\/p><p>Outra vantagem \u00e9 a possibilidade de atender os clientes corporativos da UP Language, espalhados em diferentes pra\u00e7as em todo o Brasil. Complemente o Teste TOEIC\u00ae como ferramenta de avalia\u00e7\u00e3o em sua grade curricular e agregue valor ao seu curso, proporcionando aos seus alunos uma certifica\u00e7\u00e3o internacional ao final de cada n\u00edvel.<\/p><p>Entre em contato para conhecer as vantagens de nossa proposta de parceria e fazer com que sua escola seja visitada por profissionais de diversas empresas nacionais e multinacionais. Preencha abaixo o formul\u00e1rio de solicita\u00e7\u00e3o de Credenciamento.<\/p>\t\t\t\t\t\t\t\t<\/div>\n\t\t\t\t\t<\/div>\n\t\t<\/div>\n\t\t\t\t<div class=\"elementor-column elementor-col-50 elementor-top-column elementor-element elementor-element-664f08c\" data-id=\"664f08c\" data-element_type=\"column\">\n\t\t\t<div class=\"elementor-widget-wrap elementor-element-populated\">\n\t\t\t\t\t\t<div class=\"elementor-element elementor-element-dc20987 elementor-widget elementor-widget-heading\" data-id=\"dc20987\" data-element_type=\"widget\" data-widget_type=\"heading.default\">\n\t\t\t\t\t<h3 class=\"elementor-heading-title elementor-size-default\">Solicita\u00e7\u00e3o de Contato<\/h3>\t\t\t\t<\/div>\n\t\t\t\t<div class=\"elementor-element elementor-element-53bdc08 elementor-button-align-stretch elementor-widget elementor-widget-form\" data-id=\"53bdc08\" data-element_type=\"widget\" data-settings=\"{&quot;step_next_label&quot;:&quot;Pr\\u00f3ximo&quot;,&quot;step_previous_label&quot;:&quot;Anterior&quot;,&quot;button_width&quot;:&quot;100&quot;,&quot;step_type&quot;:&quot;number_text&quot;,&quot;step_icon_shape&quot;:&quot;circle&quot;}\" data-widget_type=\"form.default\">\n\t\t\t\t<div class=\"elementor-widget-container\">\n\t\t\t\t\t\t\t<form class=\"elementor-form\" method=\"post\" name=\"Novo formul\u00e1rio\">\n\t\t\t<input type=\"hidden\" name=\"post_id\" value=\"203\"\/>\n\t\t\t<input type=\"hidden\" name=\"form_id\" value=\"53bdc08\"\/>\n\t\t\t<input type=\"hidden\" name=\"referer_title\" value=\"Torne-se um Centro Aplicador - TOEIC Up Language\" \/>\n\n\t\t\t\t\t\t\t<input type=\"hidden\" name=\"queried_id\" value=\"203\"\/>\n\t\t\t\n\t\t\t<div class=\"elementor-form-fields-wrapper elementor-labels-above\">\n\t\t\t\t\t\t\t\t<div class=\"elementor-field-type-text elementor-field-group elementor-column elementor-field-group-name elementor-col-100 elementor-field-required\">\n\t\t\t\t\t\t\t\t\t\t\t\t\t<input size=\"1\" type=\"text\" name=\"form_fields[name]\" id=\"form-field-name\" class=\"elementor-field elementor-size-sm  elementor-field-textual\" placeholder=\"Nome\" required=\"required\" aria-required=\"true\">\n\t\t\t\t\t\t\t\t\t\t\t<\/div>\n\t\t\t\t\t\t\t\t<div class=\"elementor-field-type-email elementor-field-group elementor-column elementor-field-group-email elementor-col-100 elementor-field-required\">\n\t\t\t\t\t\t\t\t\t\t\t\t\t<input size=\"1\" type=\"email\" name=\"form_fields[email]\" id=\"form-field-email\" class=\"elementor-field elementor-size-sm  elementor-field-textual\" placeholder=\"E-mail\" required=\"required\" aria-required=\"true\">\n\t\t\t\t\t\t\t\t\t\t\t<\/div>\n\t\t\t\t\t\t\t\t<div class=\"elementor-field-type-text elementor-field-group elementor-column elementor-field-group-field_aa61560 elementor-col-100 elementor-field-required\">\n\t\t\t\t\t\t\t\t\t\t\t\t\t<input size=\"1\" type=\"text\" name=\"form_fields[field_aa61560]\" id=\"form-field-field_aa61560\" class=\"elementor-field elementor-size-sm  elementor-field-textual\" placeholder=\"DDD + Telefone\" required=\"required\" aria-required=\"true\">\n\t\t\t\t\t\t\t\t\t\t\t<\/div>\n\t\t\t\t\t\t\t\t<div class=\"elementor-field-type-textarea elementor-field-group elementor-column elementor-field-group-message elementor-col-100 elementor-field-required\">\n\t\t\t\t\t<textarea class=\"elementor-field-textual elementor-field  elementor-size-sm\" name=\"form_fields[message]\" id=\"form-field-message\" rows=\"4\" placeholder=\"Mensagem\" required=\"required\" aria-required=\"true\"><\/textarea>\t\t\t\t<\/div>\n\t\t\t\t\t\t\t\t<div class=\"elementor-field-type-recaptcha_v3 elementor-field-group elementor-column elementor-field-group-field_03c1b97 elementor-col-100 recaptcha_v3-bottomright\">\n\t\t\t\t\t<div class=\"elementor-field\" id=\"form-field-field_03c1b97\"><div class=\"elementor-g-recaptcha\" data-sitekey=\"6LfWqg0pAAAAAEVKD4cnjLhbAcq7u6998SsLdIvW\" data-type=\"v3\" data-action=\"Form\" data-badge=\"bottomright\" data-size=\"invisible\"><\/div><\/div>\t\t\t\t<\/div>\n\t\t\t\t\t\t\t\t<div class=\"elementor-field-group elementor-column elementor-field-type-submit elementor-col-100 e-form__buttons\">\n\t\t\t\t\t<button class=\"elementor-button elementor-size-sm\" type=\"submit\">\n\t\t\t\t\t\t<span class=\"elementor-button-content-wrapper\">\n\t\t\t\t\t\t\t\t\t\t\t\t\t\t\t\t\t\t\t\t\t\t<span class=\"elementor-button-text\">Enviar<\/span>\n\t\t\t\t\t\t\t\t\t\t\t\t\t<\/span>\n\t\t\t\t\t<\/button>\n\t\t\t\t<\/div>\n\t\t\t<\/div>\n\t\t<\/form>\n\t\t\t\t\t\t<\/div>\n\t\t\t\t<\/div>\n\t\t\t\t\t<\/div>\n\t\t<\/div>\n\t\t\t\t\t<\/div>\n\t\t<\/section>\n\t\t\t\t<\/div>\n\t\t","protected":false},"excerpt":{"rendered":"<p>Fa\u00e7a de sua escola um ATTC Authorized TOEIC\u00ae Test Center Ao tornar sua escola um ATTC, voc\u00ea estar\u00e1 preparado para atender clientes corporativos em busca de solu\u00e7\u00f5es confi\u00e1veis para avalia\u00e7\u00e3o de profici\u00eancia em idiomas. Al\u00e9m disso, poder\u00e1 satisfazer alunos preocupados em avaliar o pr\u00f3prio progresso de aprendizagem com base em uma m\u00e9trica independente, sem v\u00ednculos [&hellip;]<\/p>\n","protected":false},"author":1,"featured_media":0,"parent":0,"menu_order":0,"comment_status":"closed","ping_status":"closed","template":"elementor_header_footer","meta":{"_monsterinsights_skip_tracking":false,"_monsterinsights_sitenote_active":false,"_monsterinsights_sitenote_note":"","_monsterinsights_sitenote_category":0,"footnotes":""},"class_list":["post-203","page","type-page","status-publish","hentry","entry"],"aioseo_notices":[],"_links":{"self":[{"href":"https:\/\/uplanguage.com\/toeic\/wp-json\/wp\/v2\/pages\/203","targetHints":{"allow":["GET"]}}],"collection":[{"href":"https:\/\/uplanguage.com\/toeic\/wp-json\/wp\/v2\/pages"}],"about":[{"href":"https:\/\/uplanguage.com\/toeic\/wp-json\/wp\/v2\/types\/page"}],"author":[{"embeddable":true,"href":"https:\/\/uplanguage.com\/toeic\/wp-json\/wp\/v2\/users\/1"}],"replies":[{"embeddable":true,"href":"https:\/\/uplanguage.com\/toeic\/wp-json\/wp\/v2\/comments?post=203"}],"version-history":[{"count":67,"href":"https:\/\/uplanguage.com\/toeic\/wp-json\/wp\/v2\/pages\/203\/revisions"}],"predecessor-version":[{"id":1815,"href":"https:\/\/uplanguage.com\/toeic\/wp-json\/wp\/v2\/pages\/203\/revisions\/1815"}],"wp:attachment":[{"href":"https:\/\/uplanguage.com\/toeic\/wp-json\/wp\/v2\/media?parent=203"}],"curies":[{"name":"wp","href":"https:\/\/api.w.org\/{rel}","templated":true}]}}