{"id":655,"date":"2021-03-01T14:23:26","date_gmt":"2021-03-01T17:23:26","guid":{"rendered":"https:\/\/uplanguage.com\/toeic\/?page_id=655"},"modified":"2021-03-23T12:59:05","modified_gmt":"2021-03-23T15:59:05","slug":"escolas","status":"publish","type":"page","link":"https:\/\/uplanguage.com\/toeic\/escolas\/","title":{"rendered":"Escolas"},"content":{"rendered":"\t\t<div data-elementor-type=\"wp-page\" data-elementor-id=\"655\" class=\"elementor elementor-655\" data-elementor-post-type=\"page\">\n\t\t\t\t\t\t<section class=\"elementor-section elementor-top-section elementor-element elementor-element-55dcf7e elementor-section-boxed elementor-section-height-default elementor-section-height-default\" data-id=\"55dcf7e\" data-element_type=\"section\">\n\t\t\t\t\t\t<div class=\"elementor-container elementor-column-gap-default\">\n\t\t\t\t\t<div class=\"elementor-column elementor-col-50 elementor-top-column elementor-element elementor-element-dd44f12\" data-id=\"dd44f12\" data-element_type=\"column\">\n\t\t\t<div class=\"elementor-widget-wrap elementor-element-populated\">\n\t\t\t\t\t\t<div class=\"elementor-element elementor-element-e47026d elementor-widget elementor-widget-image\" data-id=\"e47026d\" data-element_type=\"widget\" data-widget_type=\"image.default\">\n\t\t\t\t\t\t\t\t\t\t\t\t\t\t\t<img fetchpriority=\"high\" decoding=\"async\" width=\"514\" height=\"290\" src=\"https:\/\/uplanguage.com\/toeic\/wp-content\/uploads\/2019\/10\/16022015a.jpg\" class=\"attachment-large size-large wp-image-263\" alt=\"toeic brasil uplanguage exame toeic no brasil\" srcset=\"https:\/\/uplanguage.com\/toeic\/wp-content\/uploads\/2019\/10\/16022015a.jpg 514w, https:\/\/uplanguage.com\/toeic\/wp-content\/uploads\/2019\/10\/16022015a-300x169.jpg 300w\" sizes=\"(max-width: 514px) 100vw, 514px\" \/>\t\t\t\t\t\t\t\t\t\t\t\t\t\t\t<\/div>\n\t\t\t\t\t<\/div>\n\t\t<\/div>\n\t\t\t\t<div class=\"elementor-column elementor-col-50 elementor-top-column elementor-element elementor-element-4de0bce\" data-id=\"4de0bce\" data-element_type=\"column\">\n\t\t\t<div class=\"elementor-widget-wrap elementor-element-populated\">\n\t\t\t\t\t\t<div class=\"elementor-element elementor-element-38cfa99 elementor-widget elementor-widget-heading\" data-id=\"38cfa99\" data-element_type=\"widget\" data-widget_type=\"heading.default\">\n\t\t\t\t\t<h2 class=\"elementor-heading-title elementor-size-default\">PREPARE OS GRADUADOS PARA O SUCESSO NO MERCADO DE TRABALHO<\/h2>\t\t\t\t<\/div>\n\t\t\t\t<div class=\"elementor-element elementor-element-9679b07 elementor-widget elementor-widget-text-editor\" data-id=\"9679b07\" data-element_type=\"widget\" data-widget_type=\"text-editor.default\">\n\t\t\t\t\t\t\t\t\tOs testes TOEIC\u00ae avaliam os candidatos nas quatro principais habilidades da l\u00edngua inglesa, com escores mapeados nos n\u00edveis de CEFR. Baseados em pesquisas e padr\u00f5es rigorosos, os testes TOEIC\u00ae fornecem dados abrangentes e compar\u00e1veis necess\u00e1rios para a tomada de decis\u00f5es mais assertivas sobre admiss\u00f5es, coloca\u00e7\u00f5es de alunos novos e existentes, bem como demonstrar a efic\u00e1cia de programas de ingl\u00eas da institui\u00e7\u00e3o.\t\t\t\t\t\t\t\t<\/div>\n\t\t\t\t<div class=\"elementor-element elementor-element-1c47c18 elementor-widget elementor-widget-text-editor\" data-id=\"1c47c18\" data-element_type=\"widget\" data-widget_type=\"text-editor.default\">\n\t\t\t\t\t\t\t\t\tO programa TOEIC\u00ae ajuda a criar um ciclo de sucesso. Ele permite que voc\u00ea filtre com precis\u00e3o os candidatos e direcione os recursos de ensino para melhorar o padr\u00e3o geral de ingl\u00eas entre seu corpo estudantil. Por sua vez, os graduados deixam sua institui\u00e7\u00e3o melhor preparados para o mercado de trabalho, aumentando a reputa\u00e7\u00e3o da institui\u00e7\u00e3o com os empregadores e atraindo candidatos com maior desempenho. Reconhecido internacionalmente como a avalia\u00e7\u00e3o definitiva do idioma ingl\u00eas, e usado em todo o mundo por mais de 14 mil organiza\u00e7\u00f5es, o programa TOEIC\u00ae \u00e9 o teste \u201cpadr\u00e3o ouro\u201d para preparar os estudantes \u201cpadr\u00e3o ouro\u201d de hoje.\t\t\t\t\t\t\t\t<\/div>\n\t\t\t\t\t<\/div>\n\t\t<\/div>\n\t\t\t\t\t<\/div>\n\t\t<\/section>\n\t\t\t\t<\/div>\n\t\t","protected":false},"excerpt":{"rendered":"<p>PREPARE OS GRADUADOS PARA O SUCESSO NO MERCADO DE TRABALHO Os testes TOEIC\u00ae avaliam os candidatos nas quatro principais habilidades da l\u00edngua inglesa, com escores mapeados nos n\u00edveis de CEFR. Baseados em pesquisas e padr\u00f5es rigorosos, os testes TOEIC\u00ae fornecem dados abrangentes e compar\u00e1veis necess\u00e1rios para a tomada de decis\u00f5es mais assertivas sobre admiss\u00f5es, coloca\u00e7\u00f5es [&hellip;]<\/p>\n","protected":false},"author":1,"featured_media":0,"parent":0,"menu_order":0,"comment_status":"closed","ping_status":"closed","template":"","meta":{"_monsterinsights_skip_tracking":false,"_monsterinsights_sitenote_active":false,"_monsterinsights_sitenote_note":"","_monsterinsights_sitenote_category":0,"footnotes":""},"class_list":["post-655","page","type-page","status-publish","hentry","entry"],"aioseo_notices":[],"_links":{"self":[{"href":"https:\/\/uplanguage.com\/toeic\/wp-json\/wp\/v2\/pages\/655","targetHints":{"allow":["GET"]}}],"collection":[{"href":"https:\/\/uplanguage.com\/toeic\/wp-json\/wp\/v2\/pages"}],"about":[{"href":"https:\/\/uplanguage.com\/toeic\/wp-json\/wp\/v2\/types\/page"}],"author":[{"embeddable":true,"href":"https:\/\/uplanguage.com\/toeic\/wp-json\/wp\/v2\/users\/1"}],"replies":[{"embeddable":true,"href":"https:\/\/uplanguage.com\/toeic\/wp-json\/wp\/v2\/comments?post=655"}],"version-history":[{"count":5,"href":"https:\/\/uplanguage.com\/toeic\/wp-json\/wp\/v2\/pages\/655\/revisions"}],"predecessor-version":[{"id":1405,"href":"https:\/\/uplanguage.com\/toeic\/wp-json\/wp\/v2\/pages\/655\/revisions\/1405"}],"wp:attachment":[{"href":"https:\/\/uplanguage.com\/toeic\/wp-json\/wp\/v2\/media?parent=655"}],"curies":[{"name":"wp","href":"https:\/\/api.w.org\/{rel}","templated":true}]}}